{"id":1433,"date":"2021-01-20T00:26:38","date_gmt":"2021-01-20T00:26:38","guid":{"rendered":"https:\/\/abcdchocolate.com\/?page_id=1433"},"modified":"2022-10-31T16:13:56","modified_gmt":"2022-10-31T16:13:56","slug":"politica-de-cookies","status":"publish","type":"page","link":"https:\/\/abcdchocolate.com\/en\/politica-de-cookies\/","title":{"rendered":"Politica de Cookies"},"content":{"rendered":"<div data-elementor-type=\"wp-page\" data-elementor-id=\"1433\" class=\"elementor elementor-1433\">\n\t\t\t\t\t\t\t\t\t<section class=\"elementor-section elementor-top-section elementor-element elementor-element-09f1c08 elementor-section-boxed elementor-section-height-default elementor-section-height-default\" data-id=\"09f1c08\" data-element_type=\"section\">\n\t\t\t\t\t\t<div class=\"elementor-container elementor-column-gap-default\">\n\t\t\t\t\t<div class=\"elementor-column elementor-col-100 elementor-top-column elementor-element elementor-element-0481af2\" data-id=\"0481af2\" data-element_type=\"column\">\n\t\t\t<div class=\"elementor-widget-wrap elementor-element-populated\">\n\t\t\t\t\t\t\t\t<div class=\"elementor-element elementor-element-d2eb262 elementor-widget elementor-widget-heading\" data-id=\"d2eb262\" data-element_type=\"widget\" data-widget_type=\"heading.default\">\n\t\t\t\t<div class=\"elementor-widget-container\">\n\t\t\t<style>\/*! elementor - v3.8.0 - 30-10-2022 *\/\n.elementor-heading-title{padding:0;margin:0;line-height:1}.elementor-widget-heading .elementor-heading-title[class*=elementor-size-]>a{color:inherit;font-size:inherit;line-height:inherit}.elementor-widget-heading .elementor-heading-title.elementor-size-small{font-size:15px}.elementor-widget-heading .elementor-heading-title.elementor-size-medium{font-size:19px}.elementor-widget-heading .elementor-heading-title.elementor-size-large{font-size:29px}.elementor-widget-heading .elementor-heading-title.elementor-size-xl{font-size:39px}.elementor-widget-heading .elementor-heading-title.elementor-size-xxl{font-size:59px}<\/style><h2 class=\"elementor-heading-title elementor-size-default\">Cookie Policy<\/h2>\t\t<\/div>\n\t\t\t\t<\/div>\n\t\t\t\t<div class=\"elementor-element elementor-element-043f252 elementor-widget elementor-widget-text-editor\" data-id=\"043f252\" data-element_type=\"widget\" data-widget_type=\"text-editor.default\">\n\t\t\t\t<div class=\"elementor-widget-container\">\n\t\t\t<style>\/*! elementor - v3.8.0 - 30-10-2022 *\/\n.elementor-widget-text-editor.elementor-drop-cap-view-stacked .elementor-drop-cap{background-color:#818a91;color:#fff}.elementor-widget-text-editor.elementor-drop-cap-view-framed .elementor-drop-cap{color:#818a91;border:3px solid;background-color:transparent}.elementor-widget-text-editor:not(.elementor-drop-cap-view-default) .elementor-drop-cap{margin-top:8px}.elementor-widget-text-editor:not(.elementor-drop-cap-view-default) .elementor-drop-cap-letter{width:1em;height:1em}.elementor-widget-text-editor .elementor-drop-cap{float:left;text-align:center;line-height:1;font-size:50px}.elementor-widget-text-editor .elementor-drop-cap-letter{display:inline-block}<\/style>\t\t\t\t<p><strong>ABC d\u00b4Chocolate<\/strong><\/p><p>24\/01\/2021<\/p><h4>Pol\u00edtica<\/h4><p>O ABC d\u00b4Chocolate utiliza sistemas autom\u00e1ticos de recolha de dados como cookies. Uma \u201ccookie\u201d \u00e9 um dispositivo transmitido para o disco r\u00edgido de um utilizador da Internet. Apesar de as cookies n\u00e3o conterem informa\u00e7\u00e3o intelig\u00edvel, permitem-nos vincular um utilizador da Internet \u00e0s suas informa\u00e7\u00f5es pessoais. As cookies s\u00e3o divulgadas pelos nossos servidores e ningu\u00e9m pode ter acesso \u00e0s informa\u00e7\u00f5es nelas contidas. Apenas o ABC d\u00b4Chocolate tem acesso \u00e0s informa\u00e7\u00f5es recolhidas pelas cookies, de forma coletiva e an\u00f3nima, a fim de optimizar os seus servi\u00e7os e os deste site para as necessidades e prefer\u00eancias do utilizador e para que a prepara\u00e7\u00e3o das p\u00e1ginas da Web sejam personalizadas.<br \/>A aceita\u00e7\u00e3o dos nossos procedimentos autom\u00e1ticos de recolha de dados e o uso de cookies \u00e9 necess\u00e1ria para tirar proveito dos muitos recursos e servi\u00e7os oferecidos atrav\u00e9s deste site, incluindo a compra de produtos. Se configurar o seu browser para bloquear ou apagar cookies, n\u00e3o podemos garantir que ter\u00e1 acesso a todos os recursos e servi\u00e7os oferecidos atrav\u00e9s deste site (por exemplo, o computador pode n\u00e3o ser capaz de exibir a imagem do produto que est\u00e1 a tentar adquirir).<br \/>Vamos utilizar as cookies para fun\u00e7\u00f5es como a navega\u00e7\u00e3o no cat\u00e1logo, compra de produtos on-line e a presta\u00e7\u00e3o de servi\u00e7os reservados aos utilizadores.<\/p>\t\t\t\t\t\t<\/div>\n\t\t\t\t<\/div>\n\t\t\t\t\t<\/div>\n\t\t<\/div>\n\t\t\t\t\t\t\t<\/div>\n\t\t<\/section>\n\t\t\t\t\t\t\t<\/div>","protected":false},"excerpt":{"rendered":"<p>Pol\u00edtica de Cookies ABC d\u00b4Chocolate 24\/01\/2021 Pol\u00edtica O ABC d\u00b4Chocolate utiliza sistemas autom\u00e1ticos de recolha de dados como cookies. Uma \u201ccookie\u201d \u00e9 um dispositivo transmitido para o disco r\u00edgido de um utilizador da Internet. Apesar de as cookies n\u00e3o conterem informa\u00e7\u00e3o intelig\u00edvel, permitem-nos vincular um utilizador da Internet \u00e0s suas informa\u00e7\u00f5es pessoais. As cookies s\u00e3o &hellip;<\/p>\n<p class=\"read-more\"> <a class=\"\" href=\"https:\/\/abcdchocolate.com\/en\/politica-de-cookies\/\"> <span class=\"screen-reader-text\">Politica de Cookies<\/span> Read More &raquo;<\/a><\/p>","protected":false},"author":9,"featured_media":0,"parent":0,"menu_order":0,"comment_status":"closed","ping_status":"closed","template":"","meta":{"om_disable_all_campaigns":false,"site-sidebar-layout":"default","site-content-layout":"default","ast-global-header-display":"","ast-main-header-display":"","ast-hfb-above-header-display":"","ast-hfb-below-header-display":"","ast-hfb-mobile-header-display":"","site-post-title":"","ast-breadcrumbs-content":"","ast-featured-img":"","footer-sml-layout":"","theme-transparent-header-meta":"","adv-header-id-meta":"","stick-header-meta":"","header-above-stick-meta":"","header-main-stick-meta":"","header-below-stick-meta":""},"aioseo_notices":[],"_links":{"self":[{"href":"https:\/\/abcdchocolate.com\/en\/wp-json\/wp\/v2\/pages\/1433"}],"collection":[{"href":"https:\/\/abcdchocolate.com\/en\/wp-json\/wp\/v2\/pages"}],"about":[{"href":"https:\/\/abcdchocolate.com\/en\/wp-json\/wp\/v2\/types\/page"}],"author":[{"embeddable":true,"href":"https:\/\/abcdchocolate.com\/en\/wp-json\/wp\/v2\/users\/9"}],"replies":[{"embeddable":true,"href":"https:\/\/abcdchocolate.com\/en\/wp-json\/wp\/v2\/comments?post=1433"}],"version-history":[{"count":9,"href":"https:\/\/abcdchocolate.com\/en\/wp-json\/wp\/v2\/pages\/1433\/revisions"}],"predecessor-version":[{"id":3221,"href":"https:\/\/abcdchocolate.com\/en\/wp-json\/wp\/v2\/pages\/1433\/revisions\/3221"}],"wp:attachment":[{"href":"https:\/\/abcdchocolate.com\/en\/wp-json\/wp\/v2\/media?parent=1433"}],"curies":[{"name":"wp","href":"https:\/\/api.w.org\/{rel}","templated":true}]}}