{"id":4472,"date":"2024-11-11T23:47:22","date_gmt":"2024-11-11T22:47:22","guid":{"rendered":"https:\/\/abcdchocolate.com\/?page_id=4472"},"modified":"2024-11-11T23:50:48","modified_gmt":"2024-11-11T22:50:48","slug":"politica-de-envios","status":"publish","type":"page","link":"https:\/\/abcdchocolate.com\/en\/politica-de-envios\/","title":{"rendered":"Pol\u00edtica de Envios"},"content":{"rendered":"<div data-elementor-type=\"wp-page\" data-elementor-id=\"4472\" class=\"elementor elementor-4472\">\n\t\t\t\t\t\t\t\t\t<section class=\"elementor-section elementor-top-section elementor-element elementor-element-09f1c08 elementor-section-boxed elementor-section-height-default elementor-section-height-default\" data-id=\"09f1c08\" data-element_type=\"section\">\n\t\t\t\t\t\t<div class=\"elementor-container elementor-column-gap-default\">\n\t\t\t\t\t<div class=\"elementor-column elementor-col-100 elementor-top-column elementor-element elementor-element-0481af2\" data-id=\"0481af2\" data-element_type=\"column\">\n\t\t\t<div class=\"elementor-widget-wrap elementor-element-populated\">\n\t\t\t\t\t\t\t\t<div class=\"elementor-element elementor-element-d2eb262 elementor-widget elementor-widget-heading\" data-id=\"d2eb262\" data-element_type=\"widget\" data-widget_type=\"heading.default\">\n\t\t\t\t<div class=\"elementor-widget-container\">\n\t\t\t<style>\/*! elementor - v3.8.0 - 30-10-2022 *\/\n.elementor-heading-title{padding:0;margin:0;line-height:1}.elementor-widget-heading .elementor-heading-title[class*=elementor-size-]>a{color:inherit;font-size:inherit;line-height:inherit}.elementor-widget-heading .elementor-heading-title.elementor-size-small{font-size:15px}.elementor-widget-heading .elementor-heading-title.elementor-size-medium{font-size:19px}.elementor-widget-heading .elementor-heading-title.elementor-size-large{font-size:29px}.elementor-widget-heading .elementor-heading-title.elementor-size-xl{font-size:39px}.elementor-widget-heading .elementor-heading-title.elementor-size-xxl{font-size:59px}<\/style><h2 class=\"elementor-heading-title elementor-size-default\">Pol\u00edtica de Envios<\/h2>\t\t<\/div>\n\t\t\t\t<\/div>\n\t\t\t\t<div class=\"elementor-element elementor-element-043f252 elementor-widget elementor-widget-text-editor\" data-id=\"043f252\" data-element_type=\"widget\" data-widget_type=\"text-editor.default\">\n\t\t\t\t<div class=\"elementor-widget-container\">\n\t\t\t<style>\/*! elementor - v3.8.0 - 30-10-2022 *\/\n.elementor-widget-text-editor.elementor-drop-cap-view-stacked .elementor-drop-cap{background-color:#818a91;color:#fff}.elementor-widget-text-editor.elementor-drop-cap-view-framed .elementor-drop-cap{color:#818a91;border:3px solid;background-color:transparent}.elementor-widget-text-editor:not(.elementor-drop-cap-view-default) .elementor-drop-cap{margin-top:8px}.elementor-widget-text-editor:not(.elementor-drop-cap-view-default) .elementor-drop-cap-letter{width:1em;height:1em}.elementor-widget-text-editor .elementor-drop-cap{float:left;text-align:center;line-height:1;font-size:50px}.elementor-widget-text-editor .elementor-drop-cap-letter{display:inline-block}<\/style>\t\t\t\t<p><strong>ABC d\u00b4Chocolate<\/strong><\/p>\n<p><span style=\"color: #000000; font-size: 24px; font-style: inherit; font-weight: bold; background-color: var(--ast-global-color-5);\">Pol\u00edtica de Envios<br><br><\/span><\/p>\n<p><span data-contrast=\"auto\">Ap\u00f3s a confirma\u00e7\u00e3o do pedido de encomenda na loja online, que se d\u00e1 atrav\u00e9s do respetivo pagamento, o ABC D\u00b4Chocolate tem o prazo de 48 horas para finaliza\u00e7\u00e3o e despacho da encomenda.<\/span><span data-ccp-props=\"{}\">&nbsp;<\/span><\/p><p><span data-ccp-props=\"{}\"><br><\/span><\/p>\n<p><span data-contrast=\"auto\">Os dados do cliente devem ser preenchidos corretamente (Nome, Morada, C\u00f3digo Postal, Cidade, Contacto). A aus\u00eancia de quaisquer dos dados afetar\u00e1 diretamente a expedi\u00e7\u00e3o do pedido e consequentemente a entrega no prazo estipulado.<\/span><span data-ccp-props=\"{}\">&nbsp;<\/span><\/p><p><span data-ccp-props=\"{}\"><br><\/span><\/p>\n<p><span data-contrast=\"auto\">No caso de encomendas em \u00e9pocas festivas e\/ ou eventual rutura de\u202f<\/span><i><span data-contrast=\"auto\">stock<\/span><\/i><span data-contrast=\"auto\">, o prazo anterior n\u00e3o ser\u00e1 aplic\u00e1vel,\u202fsendo o cliente devidamente informado das altera\u00e7\u00f5es especificas atrav\u00e9s de um outro canal de informa\u00e7\u00e3o.<\/span><span data-ccp-props=\"{}\">&nbsp;<\/span><\/p>\n<p><span data-contrast=\"auto\">Os seus artigos ser\u00e3o sempre transportados em embalagem apropriada para que chegue ao destinat\u00e1rio em perfeitas condi\u00e7\u00f5es, durante todo o ano, quer no Inverno, quer na Primavera.<\/span><span data-ccp-props=\"{}\">&nbsp;<\/span><\/p><p><span data-ccp-props=\"{}\"><br><\/span><\/p>\n<p><span data-contrast=\"auto\">All orders placed in the online shop for delivery in<\/span><b><span data-contrast=\"auto\">mainland Portugal,<\/span><\/b><span data-contrast=\"auto\">\u202fatrav\u00e9s dos parceiros respons\u00e1veis pelo servi\u00e7o de Transporte que s\u00e3o os CTT Expresso ou DPD, acresce o valor de\u202f<\/span><b><span data-contrast=\"auto\">8,90\u20ac<\/span><\/b><span data-contrast=\"auto\">shipping charge.<\/span><span data-ccp-props=\"{}\">&nbsp;<\/span><\/p><p><span data-ccp-props=\"{}\"><br><\/span><\/p>\n<p><b><span data-contrast=\"auto\">The expected delivery time for mainland Portugal is between 24 and 48 hours after dispatch of the order.<\/span><\/b><span data-contrast=\"auto\">\u202fEste prazo pode ser superior em \u00e9pocas festivas e\/ou eventual rutura de\u202f<\/span><i><span data-contrast=\"auto\">stock<\/span><\/i><span data-contrast=\"auto\">. Para envios para as Ilhas o prazo pode variar entre 10 a 15 dias ap\u00f3s a expedi\u00e7\u00e3o.<\/span><span data-ccp-props=\"{}\">&nbsp;<\/span><\/p>\n<p><span data-contrast=\"auto\">Os envios para fora de\u202f<\/span><b><span data-contrast=\"auto\">Portugal&nbsp;<\/span><\/b><span data-contrast=\"auto\">n\u00e3o cumprem os prazos de entrega citados e as taxas de envio est\u00e3o sujeitos a consulta.<\/span><span data-ccp-props=\"{}\">&nbsp;<\/span><\/p><p><span data-ccp-props=\"{}\"><br><\/span><\/p>\n<p><span data-contrast=\"auto\">As entregas s\u00e3o realizadas de segunda a sexta-feira durante o hor\u00e1rio comercial, sendo imprescind\u00edvel a presen\u00e7a de algu\u00e9m na morada indicada para receber a encomenda. No caso da impossibilidade de entrega da encomenda, por aus\u00eancia de algu\u00e9m na morada indicada, a mesma ser\u00e1 devolvida a\u202f<\/span><b><span data-contrast=\"auto\">ABC D\u00b4Chocolate,<\/span><\/b><span data-contrast=\"auto\"> o que est\u00e1 sujeito ao pagamento de uma nova taxa de portes de envio.<\/span><span data-ccp-props=\"{}\">&nbsp;<\/span><\/p><p><span data-ccp-props=\"{}\"><br><\/span><\/p>\n<p><span data-contrast=\"auto\">Alguns dos dados fornecidos (Nome, Morada, C\u00f3digo Postal, Cidade, Contacto) ser\u00e3o partilhados com o parceiro respons\u00e1vel pelo servi\u00e7o de Transporte para que seja poss\u00edvel efetuar as entregas das compras realizadas online. S\u00f3 ser\u00e1 contactado se ocorrer algum problema com a entrega. Os seus dados n\u00e3o ser\u00e3o utilizados com qualquer outra finalidade. Para mais informa\u00e7\u00f5es consulte a nossa Pol\u00edtica de Privacidade e Prote\u00e7\u00e3o de Dados Pessoais.<\/span><span data-ccp-props=\"{}\">&nbsp;<\/span><\/p>\t\t\t\t\t\t<\/div>\n\t\t\t\t<\/div>\n\t\t\t\t\t<\/div>\n\t\t<\/div>\n\t\t\t\t\t\t\t<\/div>\n\t\t<\/section>\n\t\t\t\t\t\t\t<\/div>","protected":false},"excerpt":{"rendered":"<p>Pol\u00edtica de Envios ABC d\u00b4Chocolate Pol\u00edtica de Envios Ap\u00f3s a confirma\u00e7\u00e3o do pedido de encomenda na loja online, que se d\u00e1 atrav\u00e9s do respetivo pagamento, o ABC D\u00b4Chocolate tem o prazo de 48 horas para finaliza\u00e7\u00e3o e despacho da encomenda.&nbsp; Os dados do cliente devem ser preenchidos corretamente (Nome, Morada, C\u00f3digo Postal, Cidade, Contacto). A &hellip;<\/p>\n<p class=\"read-more\"> <a class=\"\" href=\"https:\/\/abcdchocolate.com\/en\/politica-de-envios\/\"> <span class=\"screen-reader-text\">Pol\u00edtica de Envios<\/span> Read More &raquo;<\/a><\/p>","protected":false},"author":2,"featured_media":0,"parent":0,"menu_order":0,"comment_status":"closed","ping_status":"closed","template":"","meta":{"om_disable_all_campaigns":false,"site-sidebar-layout":"default","site-content-layout":"default","ast-global-header-display":"","ast-main-header-display":"","ast-hfb-above-header-display":"","ast-hfb-below-header-display":"","ast-hfb-mobile-header-display":"","site-post-title":"","ast-breadcrumbs-content":"","ast-featured-img":"","footer-sml-layout":"","theme-transparent-header-meta":"","adv-header-id-meta":"","stick-header-meta":"","header-above-stick-meta":"","header-main-stick-meta":"","header-below-stick-meta":""},"aioseo_notices":[],"_links":{"self":[{"href":"https:\/\/abcdchocolate.com\/en\/wp-json\/wp\/v2\/pages\/4472"}],"collection":[{"href":"https:\/\/abcdchocolate.com\/en\/wp-json\/wp\/v2\/pages"}],"about":[{"href":"https:\/\/abcdchocolate.com\/en\/wp-json\/wp\/v2\/types\/page"}],"author":[{"embeddable":true,"href":"https:\/\/abcdchocolate.com\/en\/wp-json\/wp\/v2\/users\/2"}],"replies":[{"embeddable":true,"href":"https:\/\/abcdchocolate.com\/en\/wp-json\/wp\/v2\/comments?post=4472"}],"version-history":[{"count":7,"href":"https:\/\/abcdchocolate.com\/en\/wp-json\/wp\/v2\/pages\/4472\/revisions"}],"predecessor-version":[{"id":4479,"href":"https:\/\/abcdchocolate.com\/en\/wp-json\/wp\/v2\/pages\/4472\/revisions\/4479"}],"wp:attachment":[{"href":"https:\/\/abcdchocolate.com\/en\/wp-json\/wp\/v2\/media?parent=4472"}],"curies":[{"name":"wp","href":"https:\/\/api.w.org\/{rel}","templated":true}]}}