{"id":49,"date":"2018-10-17T15:05:29","date_gmt":"2018-10-17T15:05:29","guid":{"rendered":"https:\/\/abcdchocolate.com\/?page_id=49"},"modified":"2022-10-31T16:15:01","modified_gmt":"2022-10-31T16:15:01","slug":"politica-de-privacidade","status":"publish","type":"page","link":"https:\/\/abcdchocolate.com\/en\/politica-de-privacidade\/","title":{"rendered":"Politica de Privacidade"},"content":{"rendered":"<div data-elementor-type=\"wp-page\" data-elementor-id=\"49\" class=\"elementor elementor-49\">\n\t\t\t\t\t\t\t\t\t<section class=\"elementor-section elementor-top-section elementor-element elementor-element-935cd9a elementor-section-boxed elementor-section-height-default elementor-section-height-default\" data-id=\"935cd9a\" data-element_type=\"section\">\n\t\t\t\t\t\t<div class=\"elementor-container elementor-column-gap-default\">\n\t\t\t\t\t<div class=\"elementor-column elementor-col-100 elementor-top-column elementor-element elementor-element-22aecc8\" data-id=\"22aecc8\" data-element_type=\"column\">\n\t\t\t<div class=\"elementor-widget-wrap elementor-element-populated\">\n\t\t\t\t\t\t\t\t<div class=\"elementor-element elementor-element-8fc4de1 elementor-widget elementor-widget-heading\" data-id=\"8fc4de1\" data-element_type=\"widget\" data-widget_type=\"heading.default\">\n\t\t\t\t<div class=\"elementor-widget-container\">\n\t\t\t<style>\/*! elementor - v3.8.0 - 30-10-2022 *\/\n.elementor-heading-title{padding:0;margin:0;line-height:1}.elementor-widget-heading .elementor-heading-title[class*=elementor-size-]>a{color:inherit;font-size:inherit;line-height:inherit}.elementor-widget-heading .elementor-heading-title.elementor-size-small{font-size:15px}.elementor-widget-heading .elementor-heading-title.elementor-size-medium{font-size:19px}.elementor-widget-heading .elementor-heading-title.elementor-size-large{font-size:29px}.elementor-widget-heading .elementor-heading-title.elementor-size-xl{font-size:39px}.elementor-widget-heading .elementor-heading-title.elementor-size-xxl{font-size:59px}<\/style><h2 class=\"elementor-heading-title elementor-size-default\">Privacy Policy<\/h2>\t\t<\/div>\n\t\t\t\t<\/div>\n\t\t\t\t<div class=\"elementor-element elementor-element-568f76a elementor-widget elementor-widget-text-editor\" data-id=\"568f76a\" data-element_type=\"widget\" data-widget_type=\"text-editor.default\">\n\t\t\t\t<div class=\"elementor-widget-container\">\n\t\t\t<style>\/*! elementor - v3.8.0 - 30-10-2022 *\/\n.elementor-widget-text-editor.elementor-drop-cap-view-stacked .elementor-drop-cap{background-color:#818a91;color:#fff}.elementor-widget-text-editor.elementor-drop-cap-view-framed .elementor-drop-cap{color:#818a91;border:3px solid;background-color:transparent}.elementor-widget-text-editor:not(.elementor-drop-cap-view-default) .elementor-drop-cap{margin-top:8px}.elementor-widget-text-editor:not(.elementor-drop-cap-view-default) .elementor-drop-cap-letter{width:1em;height:1em}.elementor-widget-text-editor .elementor-drop-cap{float:left;text-align:center;line-height:1;font-size:50px}.elementor-widget-text-editor .elementor-drop-cap-letter{display:inline-block}<\/style>\t\t\t\t<p><strong>ABC d\u00b4Chocolate<\/strong><\/p><p>10\/10\/2018<\/p><h4>Introdu\u00e7\u00e3o<\/h4><p>A sua privacidade \u00e9 importante para n\u00f3s.<\/p><p>Esta p\u00e1gina explica de que forma protegemos a sua privacidade quando utiliza o site do ABC d\u00b4Chocolate, que tipo de dados recebemos e retemos e de que forma s\u00e3o utilizados e compartilhados,\u00a0informando assim todas as partes interessadas sobre os mecanismos de controle e garantia implementados para cumprir a legisla\u00e7\u00e3o aplic\u00e1vel.<\/p><p>Este site \u00e9 operado pelo\u00a0ABC d\u00b4Chocolate enquanto portal de informa\u00e7\u00e3o e servi\u00e7os para o mun\u00edcipe.<\/p><p>Sempre que um titular disponibilize os seus dados pessoais com vista a colocar uma quest\u00e3o ou solicitar um documento,\u00a0o\u00a0ABC d\u00b4Chocolate compromete-se a proteger esses dados.<\/p><p>A Pol\u00edtica de Privacidade estabelece:<\/p><ul><li>\u00c2mbito desta Pol\u00edtica de Privacidade<\/li><li>Utiliza\u00e7\u00e3o de dados pessoais \u2013 que informa\u00e7\u00e3o recolhemos e com que finalidade<\/li><li>Com quem partilhamos os dados pessoais?<\/li><li>Por quanto tempo mantemos a informa\u00e7\u00e3o?<\/li><li>Utiliza\u00e7\u00e3o de \u201cCookies\u2019\u201d<\/li><li>Direitos dos titulares dos dados<\/li><li>Altera\u00e7\u00f5es futuras nesta Pol\u00edtica de Privacidade<\/li><\/ul><p>Para obter informa\u00e7\u00e3o adicional ou esclarecer qualquer d\u00favida sobre a nossa Pol\u00edtica de Privacidade e Tratamento de Dados Pessoais, as quest\u00f5es devem ser remetidas para:<\/p><p><strong>ABC d\u00b4Chocolate<br \/><\/strong>Quinta da Moura Rua do Castelo, 14, 2730-206 Barcarena<br \/>ou para o endere\u00e7o de correio eletr\u00f3nico:\u00a0<a href=\"mailto:geral@abcdchocolate.com\">geral@abcdchocolate.com<\/a><\/p><p>Ao aceder e utilizar este site, estar\u00e1 a concordar com a recolha, o uso e utiliza\u00e7\u00e3o das suas informa\u00e7\u00f5es pessoais conforme definido nesta Pol\u00edtica de Privacidade.<\/p><h3>\u00c2mbito desta Pol\u00edtica de Privacidade<\/h3><p>Esta Pol\u00edtica de Privacidade abrange as \u201cinforma\u00e7\u00f5es pessoais\u201d que s\u00e3o recolhidas no nosso site.<br \/>S\u00e3o consideradas \u201cInforma\u00e7\u00f5es pessoais\u201d aquelas que o identificam enquanto indiv\u00edduo, seja de forma isolada ou conjuntamente com outras informa\u00e7\u00f5es dispon\u00edveis para n\u00f3s. Alguns exemplos de informa\u00e7\u00e3o pessoal s\u00e3o o seu nome, telefone, n\u00ba de identifica\u00e7\u00e3o fiscal, morada ou email disponibilizados atrav\u00e9s de formul\u00e1rios de contacto existentes no nosso site ou enviados por email.<\/p><h3>Utiliza\u00e7\u00e3o de dados pessoais \u2013\u00a0que informa\u00e7\u00e3o recolhemos e com que finalidade<\/h3><p>O utilizador pode visitar o site do ABC d\u00b4Chocolate sem se registar ou fornecer ou revelar qualquer tipo de informa\u00e7\u00e3o pessoal e individual.<br \/>Para quest\u00f5es via formul\u00e1rio de contacto, solicitamos os dados essenciais para a sua identifica\u00e7\u00e3o e endere\u00e7amento da resposta \u00e0 sua quest\u00e3o.<br \/>Com quem partilhamos os dados pessoais<\/p><p>Aos dados pessoais guardados na base de dados do ABC d\u00b4Chocolate acedem exclusivamente os funcion\u00e1rios autorizados pelo ABC d\u00b4Chocolate para o efeito, assim como aos backups autom\u00e1ticos que efetuamos para preservar essa informa\u00e7\u00e3o.<\/p><p>Qualquer outra situa\u00e7\u00e3o que requeira a transmiss\u00e3o de dados pessoais ir\u00e1 requerer o consentimento do titular. Podem ainda ser transmitidos a entidades a quem os dados tenham de ser comunicados por for\u00e7a da lei.<\/p><p>Sempre que existam estas transfer\u00eancias, o ABC d\u00b4Chocolate garante que os dados pessoais ser\u00e3o tratados dentro de pa\u00edses em que a Uni\u00e3o Europeia considera existir uma legisla\u00e7\u00e3o de prote\u00e7\u00e3o de dados pessoais que garanta a prote\u00e7\u00e3o adequada da sua informa\u00e7\u00e3o.<\/p><h3>Por quanto tempo mantemos a informa\u00e7\u00e3o<\/h3><p>Os dados pessoais, ap\u00f3s o consentimento, s\u00e3o retidos durante o per\u00edodo estritamente necess\u00e1rio. Se o titular exercer o Direito ao Esquecimento sobre dados que tenham uma obriga\u00e7\u00e3o legal de armazenamento, ser\u00e1 suspendida toda e qualquer utiliza\u00e7\u00e3o dos dados, mas s\u00f3 os poderemos eliminar uma vez cumprido o prazo legal para a reten\u00e7\u00e3o dos mesmos.<\/p><h3>Utiliza\u00e7\u00e3o de \u201cCookies\u201d<\/h3><p>Os \u201cCookies\u201d s\u00e3o registos de informa\u00e7\u00e3o que \u00e9 armazenada no seu computador atrav\u00e9s do navegador (browser), retendo apenas informa\u00e7\u00e3o relacionada com as suas prefer\u00eancias, n\u00e3o incluindo, como tal, os seus dados pessoais.<br \/>Os cookies destinam-se a ajudar a determinar a utilidade, interesse e o n\u00famero de utiliza\u00e7\u00f5es dos seus websites, permitindo uma navega\u00e7\u00e3o mais r\u00e1pida e eficiente, de forma a dispensar a necessidade de introduzir repetidamente as mesmas informa\u00e7\u00f5es.<\/p><p>Existem dois grupos de cookies que podem ser utilizados:<\/p><ul><li>Cookies permanentes \u2013 s\u00e3o cookies que ficam armazenados ao n\u00edvel do browser nos seus equipamentos de acesso (PC, mobile e tablet) e que s\u00e3o utilizados sempre que faz uma nova visita a um dos nossos websites. S\u00e3o utilizados, geralmente, para direcionar a navega\u00e7\u00e3o aos interesses do utilizador, permitindo ao site prestar um servi\u00e7o mais personalizado.<\/li><li>Cookies de sess\u00e3o \u2013 s\u00e3o cookies tempor\u00e1rios que permanecem no arquivo de cookies do seu browser at\u00e9 sair do website. A informa\u00e7\u00e3o obtida por estes cookies serve para analisar padr\u00f5es de tr\u00e1fego na web, permitindo-nos identificar problemas e fornecer uma melhor experiencia de navega\u00e7\u00e3o.<\/li><\/ul><h3>Para que fins utilizamos cookies?<\/h3><ul><li>Cookies anal\u00edticos \u2013 S\u00e3o utilizados anonimamente para efeitos de cria\u00e7\u00e3o e an\u00e1lise de estat\u00edsticas, no sentido de melhorar o funcionamento do website.<\/li><li>Cookies de funcionalidade \u2013 Guardam as prefer\u00eancias do utilizador relativamente \u00e0 utiliza\u00e7\u00e3o do site, para que n\u00e3o seja necess\u00e1rio voltar a configurar o site cada vez que o visita.<\/li><li>Cookies de terceiros \u2013 Medem o sucesso de aplica\u00e7\u00f5es e a efic\u00e1cia da publicidade de terceiros. Podem tamb\u00e9m ser utilizados no sentido de personalizar um widget com dados do utilizador.<\/li><\/ul><p>Se n\u00e3o autoriza a utiliza\u00e7\u00e3o de cookies, pode sempre configurar seu navegador para rejeitar cookies ou alertar quando um cookie for adicionado ao seu computador. Poder\u00e1 tamb\u00e9m apagar os cookies assim que sair do site.<\/p><p>Para mais informa\u00e7\u00f5es consulte a se\u00e7\u00e3o \u201cajuda\u201d do seu navegador ou consulte o site\u00a0<a href=\"http:\/\/www.allaboutcookies.org\/\">www.allaboutcookies.org<\/a>\u00a0or\u00a0<a href=\"http:\/\/www.aboutcookies.org\/\">www.aboutcookies.org<\/a>. Embora n\u00e3o seja obrigado a aceitar cookies ao utilizar o nosso site, ao configurar o seu navegador para rejeitar cookies, poder\u00e1 n\u00e3o estar a utilizar todos os recursos e funcionalidade do site.<\/p><h3>Direitos dos titulares dos dados<\/h3><p>O titular dos dados pessoais tem direito ao acesso, corre\u00e7\u00e3o, elimina\u00e7\u00e3o, restri\u00e7\u00e3o, obje\u00e7\u00e3o e portabilidade dos dados. Para garantir a seguran\u00e7a no processo \u00e9 exigida prova de identidade de modo a assegurar a confidencialidade.<\/p><ul><li><strong>Direito de acesso, corre\u00e7\u00e3o e elimina\u00e7\u00e3o<br \/><\/strong>O titular dos dados pode, a qualquer momento, aceder aos dados que nos facultou, solicitar corre\u00e7\u00e3o ou altera\u00e7\u00e3o, sempre que se justificar, sendo que nos comprometemos a dar o respetivo seguimento num prazo m\u00e1ximo de 30 dias. O direito \u00e0 elimina\u00e7\u00e3o \u00e9-lhe igualmente reconhecido, pelo que os dados pessoais ser\u00e3o eliminados, no prazo acima referido, a contar da data do pedido, desde que n\u00e3o se verifiquem fundamentos v\u00e1lidos para a sua conserva\u00e7\u00e3o, como por exemplo os casos em que o ABC d\u00b4Chocolate tem de conservar os dados para cumprir uma obriga\u00e7\u00e3o legal.<\/li><\/ul><ul><li><strong>Direito \u00e0 restri\u00e7\u00e3o e obje\u00e7\u00e3o<br \/><\/strong>Asseguramos o direito \u00e0 restri\u00e7\u00e3o e obje\u00e7\u00e3o na utiliza\u00e7\u00e3o dos dados e outra informa\u00e7\u00e3o pessoal na posse do ABC d\u00b4Chocolate, desde que n\u00e3o se verifiquem fundamentos v\u00e1lidos para a sua conserva\u00e7\u00e3o, como por exemplo os casos em que o ABC d\u00b4Chocolate tenha de conservar esses dados para cumprimento de uma obriga\u00e7\u00e3o legal.<\/li><\/ul><ul><li><strong>Portabilidade dos dados pessoais<br \/><\/strong>Assiste ao titular o direito de solicitar ao ABC d\u00b4Chocolate que proceda ao envio dos dados pessoais para outra organiza\u00e7\u00e3o, sem que da\u00ed decorram custos, salvo se a informa\u00e7\u00e3o, pela sua extens\u00e3o e complexidade, implicar o uso de meios cujos encargos sejam significativos.<\/li><\/ul><p>Cabe \u00e0\u00a0<a href=\"https:\/\/www.cnpd.pt\/\">Autoridade Nacional \u2013 a CNPD (https:\/\/www.cnpd.pt\/)<\/a>, receber as reclama\u00e7\u00f5es dos titulares dos dados pessoais.<\/p><p>Caso pretenda exercer os seus direitos, pode faz\u00ea-lo para os seguintes endere\u00e7os:<\/p><p>A\/c Respons\u00e1vel pela Privacidade<\/p><p><strong>ABC d\u00b4Chocolate<br \/><\/strong>Quinta da Moura Rua do castelo n\u00famero 14 2730-206 Barcarena<br \/>ou para o endere\u00e7o de correio eletr\u00f3nico:\u00a0\u00a0<a href=\"mailto:geral@abcdchocolate.com\">geral@abcdchocolate.com<\/a><\/p><h3>Altera\u00e7\u00f5es futuras nesta Pol\u00edtica de Privacidade<\/h3><p>Poder\u00e1 ser necess\u00e1rio atualizar ou rever esta Pol\u00edtica de Privacidade de futuro. Reservamo-nos o direito de o fazer, a qualquer momento e sem pr\u00e9vio aviso, divulgando essa vers\u00e3o revista no nosso site.<\/p><p>Essas altera\u00e7\u00f5es ter\u00e3o efeito a partir do dia da sua publica\u00e7\u00e3o e apenas sobre as informa\u00e7\u00f5es pessoais recolhidas ap\u00f3s a publica\u00e7\u00e3o da vers\u00e3o revista.<\/p>\t\t\t\t\t\t<\/div>\n\t\t\t\t<\/div>\n\t\t\t\t\t<\/div>\n\t\t<\/div>\n\t\t\t\t\t\t\t<\/div>\n\t\t<\/section>\n\t\t\t\t\t\t\t<\/div>","protected":false},"excerpt":{"rendered":"<p>Pol\u00edtica de Privacidade ABC d\u00b4Chocolate 10\/10\/2018 Introdu\u00e7\u00e3o A sua privacidade \u00e9 importante para n\u00f3s. Esta p\u00e1gina explica de que forma protegemos a sua privacidade quando utiliza o site do ABC d\u00b4Chocolate, que tipo de dados recebemos e retemos e de que forma s\u00e3o utilizados e compartilhados,\u00a0informando assim todas as partes interessadas sobre os mecanismos de &hellip;<\/p>\n<p class=\"read-more\"> <a class=\"\" href=\"https:\/\/abcdchocolate.com\/en\/politica-de-privacidade\/\"> <span class=\"screen-reader-text\">Politica de Privacidade<\/span> Read More &raquo;<\/a><\/p>","protected":false},"author":9,"featured_media":0,"parent":0,"menu_order":0,"comment_status":"closed","ping_status":"closed","template":"","meta":{"om_disable_all_campaigns":false,"site-sidebar-layout":"default","site-content-layout":"default","ast-global-header-display":"","ast-main-header-display":"","ast-hfb-above-header-display":"","ast-hfb-below-header-display":"","ast-hfb-mobile-header-display":"","site-post-title":"","ast-breadcrumbs-content":"","ast-featured-img":"","footer-sml-layout":"","theme-transparent-header-meta":"","adv-header-id-meta":"","stick-header-meta":"","header-above-stick-meta":"","header-main-stick-meta":"","header-below-stick-meta":""},"aioseo_notices":[],"_links":{"self":[{"href":"https:\/\/abcdchocolate.com\/en\/wp-json\/wp\/v2\/pages\/49"}],"collection":[{"href":"https:\/\/abcdchocolate.com\/en\/wp-json\/wp\/v2\/pages"}],"about":[{"href":"https:\/\/abcdchocolate.com\/en\/wp-json\/wp\/v2\/types\/page"}],"author":[{"embeddable":true,"href":"https:\/\/abcdchocolate.com\/en\/wp-json\/wp\/v2\/users\/9"}],"replies":[{"embeddable":true,"href":"https:\/\/abcdchocolate.com\/en\/wp-json\/wp\/v2\/comments?post=49"}],"version-history":[{"count":12,"href":"https:\/\/abcdchocolate.com\/en\/wp-json\/wp\/v2\/pages\/49\/revisions"}],"predecessor-version":[{"id":3224,"href":"https:\/\/abcdchocolate.com\/en\/wp-json\/wp\/v2\/pages\/49\/revisions\/3224"}],"wp:attachment":[{"href":"https:\/\/abcdchocolate.com\/en\/wp-json\/wp\/v2\/media?parent=49"}],"curies":[{"name":"wp","href":"https:\/\/api.w.org\/{rel}","templated":true}]}}