{"id":2007,"date":"2021-11-17T18:03:11","date_gmt":"2021-11-17T18:03:11","guid":{"rendered":"https:\/\/abcdchocolate.com\/?post_type=product&#038;p=2007"},"modified":"2026-04-09T15:36:57","modified_gmt":"2026-04-09T14:36:57","slug":"caixa-linguas-de-gato","status":"publish","type":"product","link":"https:\/\/abcdchocolate.com\/en\/product\/caixa-linguas-de-gato\/","title":{"rendered":"Caixa L\u00ednguas de Gato"},"content":{"rendered":"<p>.Todos os bombons s\u00e3o confecionados e decorados de forma artesanal.<\/p>\n<p><strong>INGREDIENTS<\/strong><br \/>\nChocolate belga negro (m\u00ednimo de 54,5% de cacau), a\u00e7\u00facar, pasta de cacau, manteiga de cacau, emulsionante: lecitina de soja, aroma natural de baunilha.<br \/>\nChocolate bega leite (33% cacau),a\u00e7\u00facar, manteiga de cacau, leite em p\u00f3 integral, massa de cacau, emusificante: lecitina de soja, aroma natural de baunilha.<br \/>\nPode conter vest\u00edgios de frutos secos, Isento de gl\u00faten.<\/p>\n<p><strong>EXPIRATION<\/strong><br \/>\n1 Ano<\/p>\n<p><strong>CONSERVATION<\/strong><br \/>\nChocolates should be stored in a cool, dry place. However, to maintain the chocolate's properties, they should not be stored in the fridge.<\/p>","protected":false},"excerpt":{"rendered":"<p>Caixa com l\u00ednguas de gato de chocolate belga negro (54,5%)\u00a0 ou em chocolate de leite, sem conservantes.<\/p>\n<p>Composi\u00e7\u00e3o da caixa:<\/p>\n<ul>\n<li>20 l\u00ednguas de gato<\/li>\n<\/ul>\n<p>Peso aproximado: 125g<\/p>","protected":false},"featured_media":1935,"template":"","meta":{"om_disable_all_campaigns":false,"site-sidebar-layout":"default","site-content-layout":"default","ast-global-header-display":"","ast-main-header-display":"","ast-hfb-above-header-display":"","ast-hfb-below-header-display":"","ast-hfb-mobile-header-display":"","site-post-title":"","ast-breadcrumbs-content":"","ast-featured-img":"","footer-sml-layout":"","theme-transparent-header-meta":"default","adv-header-id-meta":"","stick-header-meta":"","header-above-stick-meta":"","header-main-stick-meta":"","header-below-stick-meta":""},"product_cat":[15],"product_tag":[],"aioseo_notices":[],"_links":{"self":[{"href":"https:\/\/abcdchocolate.com\/en\/wp-json\/wp\/v2\/product\/2007"}],"collection":[{"href":"https:\/\/abcdchocolate.com\/en\/wp-json\/wp\/v2\/product"}],"about":[{"href":"https:\/\/abcdchocolate.com\/en\/wp-json\/wp\/v2\/types\/product"}],"wp:featuredmedia":[{"embeddable":true,"href":"https:\/\/abcdchocolate.com\/en\/wp-json\/wp\/v2\/media\/1935"}],"wp:attachment":[{"href":"https:\/\/abcdchocolate.com\/en\/wp-json\/wp\/v2\/media?parent=2007"}],"wp:term":[{"taxonomy":"product_cat","embeddable":true,"href":"https:\/\/abcdchocolate.com\/en\/wp-json\/wp\/v2\/product_cat?post=2007"},{"taxonomy":"product_tag","embeddable":true,"href":"https:\/\/abcdchocolate.com\/en\/wp-json\/wp\/v2\/product_tag?post=2007"}],"curies":[{"name":"wp","href":"https:\/\/api.w.org\/{rel}","templated":true}]}}