{"id":2180,"date":"2022-02-07T12:19:02","date_gmt":"2022-02-07T12:19:02","guid":{"rendered":"https:\/\/abcdchocolate.com\/?post_type=product&#038;p=2180"},"modified":"2026-01-10T18:59:09","modified_gmt":"2026-01-10T17:59:09","slug":"coracao-de-chocolate-negro-mensagem","status":"publish","type":"product","link":"https:\/\/abcdchocolate.com\/en\/product\/coracao-de-chocolate-negro-mensagem\/","title":{"rendered":"Cora\u00e7\u00e3o Mensagem em dois chocolates com e sem recheio"},"content":{"rendered":"<p>Todas os chocolates s\u00e3o confeccionados\u00a0 de forma artesanal.<\/p>\n<p><strong>INGREDIENTS<\/strong><br \/>\nChocolate belga negro (m\u00ednimo de 54,5% de cacau), a\u00e7\u00facar, pasta de cacau, manteiga de cacau, emulsionante: lecitina de Soja e aroma natural de baunilha, sem recheio.<br \/>\nor<br \/>\nChocolate de leite (m\u00ednimo 33,6% de cacau), a\u00e7\u00facar, pasta de cacau, leite em p\u00f3 gordo, manteiga de cacau, emulsionante: lecitina de Soja e aroma natural de baunilha, com e sem recheio de caramelo<\/p>\n<p><strong>EXPIRATION<\/strong><br \/>\n1 year<\/p>\n<p><strong>CONSERVATION<\/strong><br \/>\nChocolates should be stored in a cool, dry place. However, to maintain the chocolate's properties, they should not be stored in the fridge.<\/p>","protected":false},"excerpt":{"rendered":"<ul>\n<li>Cora\u00e7\u00e3o mensagem em dois chocolates, o negro e leite simples e leite com recheio de caramelo, sem conservantes.<\/li>\n<\/ul>\n<p>Composi\u00e7\u00e3o de saco:<\/p>\n<ul>\n<li>\u00a0 \u00a0Cora\u00e7\u00e3o mensagem em chocolate negro sem recheio<\/li>\n<li>\u00a0 Cora\u00e7\u00e3o mensagem em chocolate leite sem recheio<\/li>\n<li>or<\/li>\n<li>\u00a0 Cora\u00e7\u00e3o mensagem\u00a0 em chocolate de leite com recheio de caramelo<\/li>\n<li>\u00a0 Cora\u00e7\u00e3o mensagem\u00a0 em chocolate de negro com recheio de caramelo<\/li>\n<\/ul>\n<p>Peso aproximado: 100g\/ 125g<\/p>","protected":false},"featured_media":2328,"template":"","meta":{"om_disable_all_campaigns":false,"site-sidebar-layout":"default","site-content-layout":"default","ast-global-header-display":"","ast-main-header-display":"","ast-hfb-above-header-display":"","ast-hfb-below-header-display":"","ast-hfb-mobile-header-display":"","site-post-title":"","ast-breadcrumbs-content":"","ast-featured-img":"","footer-sml-layout":"","theme-transparent-header-meta":"default","adv-header-id-meta":"","stick-header-meta":"","header-above-stick-meta":"","header-main-stick-meta":"","header-below-stick-meta":""},"product_cat":[22,43],"product_tag":[],"aioseo_notices":[],"_links":{"self":[{"href":"https:\/\/abcdchocolate.com\/en\/wp-json\/wp\/v2\/product\/2180"}],"collection":[{"href":"https:\/\/abcdchocolate.com\/en\/wp-json\/wp\/v2\/product"}],"about":[{"href":"https:\/\/abcdchocolate.com\/en\/wp-json\/wp\/v2\/types\/product"}],"wp:featuredmedia":[{"embeddable":true,"href":"https:\/\/abcdchocolate.com\/en\/wp-json\/wp\/v2\/media\/2328"}],"wp:attachment":[{"href":"https:\/\/abcdchocolate.com\/en\/wp-json\/wp\/v2\/media?parent=2180"}],"wp:term":[{"taxonomy":"product_cat","embeddable":true,"href":"https:\/\/abcdchocolate.com\/en\/wp-json\/wp\/v2\/product_cat?post=2180"},{"taxonomy":"product_tag","embeddable":true,"href":"https:\/\/abcdchocolate.com\/en\/wp-json\/wp\/v2\/product_tag?post=2180"}],"curies":[{"name":"wp","href":"https:\/\/api.w.org\/{rel}","templated":true}]}}