{"id":2377,"date":"2022-04-10T15:51:17","date_gmt":"2022-04-10T15:51:17","guid":{"rendered":"https:\/\/abcdchocolate.com\/?post_type=product&#038;p=2377"},"modified":"2026-04-08T18:07:14","modified_gmt":"2026-04-08T17:07:14","slug":"conjunto-dia-da-mae-c-tablete-mensagem","status":"publish","type":"product","link":"https:\/\/abcdchocolate.com\/en\/product\/conjunto-dia-da-mae-c-tablete-mensagem\/","title":{"rendered":"Conjunto dia da M\u00e3e c\/ tablete mensagem"},"content":{"rendered":"<p>Todas os chocolates s\u00e3o confeccionados\u00a0 de forma artesanal.<\/p>\n<p><strong>INGREDIENTS<\/strong><br \/>\nChocolate belga negro (m\u00ednimo de 54% de cacau),a\u00e7\u00facar, manteiga de cacau, emulsionante: lecitina de Soja e aroma natural de baunilha.<br \/>\nemulsionante: lecitina de Soja e aroma natural de baunilha. Recheio de feuilletine.<\/p>\n<p>Chocolate belga leite (m\u00ednimo de 33,6 de cacau), a\u00e7\u00facar, manteiga de cacau, leite em p\u00f3 integral, massa de cacau, emulsionante: lecitina de Soja e aroma natural de baunilha.ga de cacau, emulsionante: lecitina de Soja e aroma natural de baunilha.<br \/>\n Recheio de feuilletine.<\/p>\n<p>Pode conter vest\u00edgios de frutos secos<\/p>\n<p><strong>EXPIRATION<\/strong><br \/>\n1 Ano<\/p>\n<p><strong>CONSERVATION<\/strong><br \/>\nChocolates should be stored in a cool, dry place. However, to maintain the chocolate's properties, they should not be stored in the fridge.<\/p>","protected":false},"excerpt":{"rendered":"<p>Cora\u00e7\u00e3o de chocolate belga leite com recheio crunch e em chocolate belga negro(54,5% cacau) com tablete conservantes.<\/p>\n<p>Composi\u00e7\u00e3o da caixa:<\/p>\n<ul>\n<li>Cora\u00e7\u00e3o e tablete em chocolate leite sem recheio.<\/li>\n<li>Cora\u00e7\u00e3o e tablete em chocolate negro sem recheio.<\/li>\n<\/ul>\n<p>Peso aproximado:90g<\/p>","protected":false},"featured_media":2322,"template":"","meta":{"om_disable_all_campaigns":false,"site-sidebar-layout":"default","site-content-layout":"default","ast-global-header-display":"","ast-main-header-display":"","ast-hfb-above-header-display":"","ast-hfb-below-header-display":"","ast-hfb-mobile-header-display":"","site-post-title":"","ast-breadcrumbs-content":"","ast-featured-img":"","footer-sml-layout":"","theme-transparent-header-meta":"default","adv-header-id-meta":"","stick-header-meta":"","header-above-stick-meta":"","header-main-stick-meta":"","header-below-stick-meta":""},"product_cat":[15,27],"product_tag":[],"aioseo_notices":[],"_links":{"self":[{"href":"https:\/\/abcdchocolate.com\/en\/wp-json\/wp\/v2\/product\/2377"}],"collection":[{"href":"https:\/\/abcdchocolate.com\/en\/wp-json\/wp\/v2\/product"}],"about":[{"href":"https:\/\/abcdchocolate.com\/en\/wp-json\/wp\/v2\/types\/product"}],"wp:featuredmedia":[{"embeddable":true,"href":"https:\/\/abcdchocolate.com\/en\/wp-json\/wp\/v2\/media\/2322"}],"wp:attachment":[{"href":"https:\/\/abcdchocolate.com\/en\/wp-json\/wp\/v2\/media?parent=2377"}],"wp:term":[{"taxonomy":"product_cat","embeddable":true,"href":"https:\/\/abcdchocolate.com\/en\/wp-json\/wp\/v2\/product_cat?post=2377"},{"taxonomy":"product_tag","embeddable":true,"href":"https:\/\/abcdchocolate.com\/en\/wp-json\/wp\/v2\/product_tag?post=2377"}],"curies":[{"name":"wp","href":"https:\/\/api.w.org\/{rel}","templated":true}]}}