{"id":2384,"date":"2022-04-15T15:28:41","date_gmt":"2022-04-15T15:28:41","guid":{"rendered":"https:\/\/abcdchocolate.com\/?post_type=product&#038;p=2384"},"modified":"2026-01-10T18:17:40","modified_gmt":"2026-01-10T17:17:40","slug":"mini-tabletes-2","status":"publish","type":"product","link":"https:\/\/abcdchocolate.com\/en\/product\/mini-tabletes-2\/","title":{"rendered":"Mini Bulk Tablets"},"content":{"rendered":"<p>As nossas tabletes de chocolate Leite, negro e sem a\u00e7\u00facar e negro vegano s\u00e3o confeccionadas e decoradas de forma artesanal, utilizando mat\u00e9ria-prima de grande qualidade.<\/p>\n<p>Belgian milk chocolate with (33.6% cocoa), sugar, cocoa butter, whole milk powder, cocoa mass, emulsifier<strong> Soy lecithin<\/strong>natural vanilla flavor<\/p>\n<p>Belgian dark chocolate (54.5% cocoa), sugar, cocoa butter, cocoa paste, emulsifier<strong> Soy lecithin<\/strong>natural vanilla flavor<br \/>\n<strong>Dayelet BITTER chocolate (72% cocoa), sugar-free, cocoa paste, sweetener (maltitol), cocoa butter, defatted cocoa powder, sunflower lecithin, natural vanilla flavoring.<br \/>\nNutritional information, per 100g:<br \/>\n529Kcal\/ 2184kj por 100g: Gordura-44g, das quais saturadas- 26g, Hidratos de Carbono &#8211; 28g, dos quais s\u00e3o a\u00e7\u00facares-0,5g, Amidos- 0g, Fibra- 14g, Prote\u00ednas &#8211; 9g , Sal &#8211; 0,09g.<\/p>\n<p>May contain milk, soy and nuts<\/p>\n<p><strong>Validity:<\/strong><\/p>\n<p>1 year<\/p>\n<p><strong>CONSERVATION<\/strong><\/p>\n<p>Store in a cool place.<\/p>","protected":false},"excerpt":{"rendered":"<p>Mini Tabletes\u00a0em chocolate belga leite, negro ou negro sem a\u00e7\u00facar sem recheios e sem conservantes<\/p>\n<p>Vendidas em saco\u00a0de papel kraft com janela<\/p>\n<ul>\n<li>mini milk chocolate bars<\/li>\n<li>mini dark chocolate bars<\/li>\n<li>mini bar in 72% sugar-free chocolate<\/li>\n<\/ul>\n<p>Em sacos de 230gr para cada chocolate.<\/p>\n<p>&nbsp;<\/p>","protected":false},"featured_media":2295,"template":"","meta":{"om_disable_all_campaigns":false,"site-sidebar-layout":"default","site-content-layout":"default","ast-global-header-display":"","ast-main-header-display":"","ast-hfb-above-header-display":"","ast-hfb-below-header-display":"","ast-hfb-mobile-header-display":"","site-post-title":"","ast-breadcrumbs-content":"","ast-featured-img":"","footer-sml-layout":"","theme-transparent-header-meta":"default","adv-header-id-meta":"","stick-header-meta":"","header-above-stick-meta":"","header-main-stick-meta":"","header-below-stick-meta":""},"product_cat":[19],"product_tag":[],"aioseo_notices":[],"_links":{"self":[{"href":"https:\/\/abcdchocolate.com\/en\/wp-json\/wp\/v2\/product\/2384"}],"collection":[{"href":"https:\/\/abcdchocolate.com\/en\/wp-json\/wp\/v2\/product"}],"about":[{"href":"https:\/\/abcdchocolate.com\/en\/wp-json\/wp\/v2\/types\/product"}],"wp:featuredmedia":[{"embeddable":true,"href":"https:\/\/abcdchocolate.com\/en\/wp-json\/wp\/v2\/media\/2295"}],"wp:attachment":[{"href":"https:\/\/abcdchocolate.com\/en\/wp-json\/wp\/v2\/media?parent=2384"}],"wp:term":[{"taxonomy":"product_cat","embeddable":true,"href":"https:\/\/abcdchocolate.com\/en\/wp-json\/wp\/v2\/product_cat?post=2384"},{"taxonomy":"product_tag","embeddable":true,"href":"https:\/\/abcdchocolate.com\/en\/wp-json\/wp\/v2\/product_tag?post=2384"}],"curies":[{"name":"wp","href":"https:\/\/api.w.org\/{rel}","templated":true}]}}