{"id":2409,"date":"2022-04-27T16:07:45","date_gmt":"2022-04-27T16:07:45","guid":{"rendered":"https:\/\/abcdchocolate.com\/?post_type=product&#038;p=2409"},"modified":"2026-04-08T18:55:37","modified_gmt":"2026-04-08T17:55:37","slug":"coracao-com-rosas-em-3-chocolates","status":"publish","type":"product","link":"https:\/\/abcdchocolate.com\/en\/product\/coracao-com-rosas-em-3-chocolates\/","title":{"rendered":"Cora\u00e7\u00e3o com Rosas em 3 chocolates"},"content":{"rendered":"<p>Todas os chocolates s\u00e3o confeccionados\u00a0 de forma artesanal.<\/p>\n<p><strong>INGREDIENTS<\/strong><br \/>\nChocolate belga negro (m\u00ednimo de 54% de cacau), a\u00e7\u00facar, pasta de cacau, manteiga de cacau,\u00a0emulsionante: lecitina de Soja e aroma natural de baunilha, n\u00e3o tem recheio.<\/p>\n<p>Chocolate belga leite(m\u00ednimo de 33,6% cacau), a\u00e7\u00facar, manteiga de cacau, leite em p\u00f3 gordo, emulsionante: lecitina de Soja e aroma natural de baunilha, n\u00e3o tem recheio.<\/p>\n<p>Chocolate belga branco( m\u00ednimo de 28,5% cacau), a\u00e7\u00facar, manteiga de cacau, leite em p\u00f3 integral, emulsionante: lecitina de Soja e aroma natural de baunilha, n\u00e3o tem recheio.<\/p>\n<p><strong>Informa\u00e7\u00f5es al\u00e9rgicas:<\/strong><br \/>\ncacau e \u00f3leo de soja, prote\u00edna de soja, prote\u00edna do leite de vaca, lactose, vanilina, este produto \u00e9 <strong>sem gl\u00faten.<\/strong><\/p>\n<p><strong>EXPIRATION<\/strong><br \/>\n1 year<\/p>\n<p><strong>CONSERVATION<\/strong><br \/>\nChocolates should be stored in a cool, dry place. However, to maintain the chocolate's properties, they should not be stored in the fridge.<\/p>","protected":false},"excerpt":{"rendered":"<p>Cora\u00e7\u00e3o com flor em chocolate belga negro, leite e branco sem recheio, sem conservantes.<\/p>\n<p>Composi\u00e7\u00e3o da caixa:<\/p>\n<ul>\n<li>Cora\u00e7\u00e3o com flor em chocolate negro<\/li>\n<li>or<\/li>\n<li>Cora\u00e7\u00e3o com flor em chocolate leite<\/li>\n<li>or<\/li>\n<li>Cora\u00e7\u00e3o com flor em chocolate branco<\/li>\n<\/ul>\n<p>Peso aproximado:100g<\/p>","protected":false},"featured_media":2443,"template":"","meta":{"om_disable_all_campaigns":false,"site-sidebar-layout":"default","site-content-layout":"default","ast-global-header-display":"","ast-main-header-display":"","ast-hfb-above-header-display":"","ast-hfb-below-header-display":"","ast-hfb-mobile-header-display":"","site-post-title":"","ast-breadcrumbs-content":"","ast-featured-img":"","footer-sml-layout":"","theme-transparent-header-meta":"default","adv-header-id-meta":"","stick-header-meta":"","header-above-stick-meta":"","header-main-stick-meta":"","header-below-stick-meta":""},"product_cat":[15,22],"product_tag":[],"aioseo_notices":[],"_links":{"self":[{"href":"https:\/\/abcdchocolate.com\/en\/wp-json\/wp\/v2\/product\/2409"}],"collection":[{"href":"https:\/\/abcdchocolate.com\/en\/wp-json\/wp\/v2\/product"}],"about":[{"href":"https:\/\/abcdchocolate.com\/en\/wp-json\/wp\/v2\/types\/product"}],"wp:featuredmedia":[{"embeddable":true,"href":"https:\/\/abcdchocolate.com\/en\/wp-json\/wp\/v2\/media\/2443"}],"wp:attachment":[{"href":"https:\/\/abcdchocolate.com\/en\/wp-json\/wp\/v2\/media?parent=2409"}],"wp:term":[{"taxonomy":"product_cat","embeddable":true,"href":"https:\/\/abcdchocolate.com\/en\/wp-json\/wp\/v2\/product_cat?post=2409"},{"taxonomy":"product_tag","embeddable":true,"href":"https:\/\/abcdchocolate.com\/en\/wp-json\/wp\/v2\/product_tag?post=2409"}],"curies":[{"name":"wp","href":"https:\/\/api.w.org\/{rel}","templated":true}]}}