{"id":3753,"date":"2023-01-17T18:36:32","date_gmt":"2023-01-17T18:36:32","guid":{"rendered":"https:\/\/abcdchocolate.com\/?post_type=product&#038;p=3753"},"modified":"2026-01-10T18:12:49","modified_gmt":"2026-01-10T17:12:49","slug":"tablete-de-canela","status":"publish","type":"product","link":"https:\/\/abcdchocolate.com\/en\/product\/tablete-de-canela\/","title":{"rendered":"Tablete de Canela"},"content":{"rendered":"<p>Our dark chocolate bars are handmade and decorated using high quality raw materials.<\/p>\n<p>Tablete de chocolate negro 54,5% com cobertura e canela (85g aprox).<\/p>\n<p><strong>INGREDIENTS<\/strong><\/p>\n<p>Chocolate belga negro (m\u00ednimo de 54,5% de cacau), a\u00e7\u00facar, pasta de cacau, manteiga de cacau, emulsionante, lec\u00edtina de soja, aroma natural de baunilha e canela.<\/p>\n<p><strong>Nutritional declaration per 100g:<\/strong><\/p>\n<p>Energia KJ- 21,96g -\/ Kcal &#8211; 528g<\/p>\n<p>L\u00edpidos &#8211; 34,4g, dos quais \u00e1c. Gordos Saturados &#8211; 19,7g , Hidratos de Carbono -33,5g , A\u00e7\u00facares -19,6 g ,Prote\u00ednas &#8211; 7,0g , Sal &#8211; &lt;1g<\/p>\n<p>ALLERGENS:<\/p>\n<p>Pode conter vest\u00edgios de SOJA, lactose, gl\u00faten e frutos secos de casca rija.<\/p>\n<p><strong>EXPIRATION<\/strong><br \/>\n1 Ano<\/p>\n<p><strong>CONSERVATION<\/strong><br \/>\nThe bars should be kept in a cool, dry place. However, to maintain the chocolate's properties, they should not be stored in the fridge.<\/p>","protected":false},"excerpt":{"rendered":"<p>As tabletes s\u00e3o artesanais de chocolate belga negro (min. de 54,5% de cacau) com canela e sem conservantes.<\/p>\n<p>Tablet composition:<\/p>\n<ul>\n<li>Chocolate com canela.<\/li>\n<\/ul>\n<p>Peso aproximado: 85g<\/p>\n<p>Try it out!<\/p>","protected":false},"featured_media":1557,"template":"","meta":{"om_disable_all_campaigns":false,"site-sidebar-layout":"default","site-content-layout":"default","ast-global-header-display":"","ast-main-header-display":"","ast-hfb-above-header-display":"","ast-hfb-below-header-display":"","ast-hfb-mobile-header-display":"","site-post-title":"","ast-breadcrumbs-content":"","ast-featured-img":"","footer-sml-layout":"","theme-transparent-header-meta":"default","adv-header-id-meta":"","stick-header-meta":"","header-above-stick-meta":"","header-main-stick-meta":"","header-below-stick-meta":""},"product_cat":[19],"product_tag":[],"aioseo_notices":[],"_links":{"self":[{"href":"https:\/\/abcdchocolate.com\/en\/wp-json\/wp\/v2\/product\/3753"}],"collection":[{"href":"https:\/\/abcdchocolate.com\/en\/wp-json\/wp\/v2\/product"}],"about":[{"href":"https:\/\/abcdchocolate.com\/en\/wp-json\/wp\/v2\/types\/product"}],"wp:featuredmedia":[{"embeddable":true,"href":"https:\/\/abcdchocolate.com\/en\/wp-json\/wp\/v2\/media\/1557"}],"wp:attachment":[{"href":"https:\/\/abcdchocolate.com\/en\/wp-json\/wp\/v2\/media?parent=3753"}],"wp:term":[{"taxonomy":"product_cat","embeddable":true,"href":"https:\/\/abcdchocolate.com\/en\/wp-json\/wp\/v2\/product_cat?post=3753"},{"taxonomy":"product_tag","embeddable":true,"href":"https:\/\/abcdchocolate.com\/en\/wp-json\/wp\/v2\/product_tag?post=3753"}],"curies":[{"name":"wp","href":"https:\/\/api.w.org\/{rel}","templated":true}]}}