{"id":3761,"date":"2023-01-17T20:06:06","date_gmt":"2023-01-17T20:06:06","guid":{"rendered":"https:\/\/abcdchocolate.com\/?post_type=product&#038;p=3761"},"modified":"2026-01-10T18:09:04","modified_gmt":"2026-01-10T17:09:04","slug":"lollypop-love","status":"publish","type":"product","link":"https:\/\/abcdchocolate.com\/en\/product\/lollypop-love\/","title":{"rendered":"Lollypop love"},"content":{"rendered":"<p>Os lollypops rosa s\u00e3o confecionados e decorados de forma artesanal.<\/p>\n<p><strong>INGREDIENTS<br \/>\n<\/strong>Chocolate belga Negro (m\u00ednimo de 54,4% de cacau), a\u00e7\u00facar, manteiga de cacau, , pasta de cacau, emulsionante, lecitina de soja, aroma natural de baunilha.<\/p>\n<p>Chocolate belga leite (m\u00ednimo de 33,6% de cacau), a\u00e7\u00facar, manteiga de cacau, leite em p\u00f3 gordo, emulsionante, lecitina de soja, aroma natural de baunilha.<\/p>\n<p>May contain traces of nuts. Gluten-free.<\/p>\n<p><strong>EXPIRATION<\/strong><br \/>\n1 year<\/p>\n<p><strong>CONSERVATION<\/strong><br \/>\nChocolates should be stored in a cool, dry place. However, to maintain the chocolate's properties, it should not be stored in the fridge.<\/p>","protected":false},"excerpt":{"rendered":"<p>Os lollypops Cora\u00e7\u00f5es s\u00e3o artesanais em chocolate belga de leite e negro sem conservantes.<\/p>\n<p>Packaging composition:<\/p>\n<ul>\n<li>2 unidades<\/li>\n<\/ul>","protected":false},"featured_media":2169,"template":"","meta":{"om_disable_all_campaigns":false,"site-sidebar-layout":"default","site-content-layout":"default","ast-global-header-display":"","ast-main-header-display":"","ast-hfb-above-header-display":"","ast-hfb-below-header-display":"","ast-hfb-mobile-header-display":"","site-post-title":"","ast-breadcrumbs-content":"","ast-featured-img":"","footer-sml-layout":"","theme-transparent-header-meta":"default","adv-header-id-meta":"","stick-header-meta":"","header-above-stick-meta":"","header-main-stick-meta":"","header-below-stick-meta":""},"product_cat":[17,22],"product_tag":[],"aioseo_notices":[],"_links":{"self":[{"href":"https:\/\/abcdchocolate.com\/en\/wp-json\/wp\/v2\/product\/3761"}],"collection":[{"href":"https:\/\/abcdchocolate.com\/en\/wp-json\/wp\/v2\/product"}],"about":[{"href":"https:\/\/abcdchocolate.com\/en\/wp-json\/wp\/v2\/types\/product"}],"wp:featuredmedia":[{"embeddable":true,"href":"https:\/\/abcdchocolate.com\/en\/wp-json\/wp\/v2\/media\/2169"}],"wp:attachment":[{"href":"https:\/\/abcdchocolate.com\/en\/wp-json\/wp\/v2\/media?parent=3761"}],"wp:term":[{"taxonomy":"product_cat","embeddable":true,"href":"https:\/\/abcdchocolate.com\/en\/wp-json\/wp\/v2\/product_cat?post=3761"},{"taxonomy":"product_tag","embeddable":true,"href":"https:\/\/abcdchocolate.com\/en\/wp-json\/wp\/v2\/product_tag?post=3761"}],"curies":[{"name":"wp","href":"https:\/\/api.w.org\/{rel}","templated":true}]}}