{"id":3817,"date":"2023-02-27T15:55:59","date_gmt":"2023-02-27T15:55:59","guid":{"rendered":"https:\/\/abcdchocolate.com\/?post_type=product&#038;p=3817"},"modified":"2026-04-08T18:04:43","modified_gmt":"2026-04-08T17:04:43","slug":"caixa-bombom","status":"publish","type":"product","link":"https:\/\/abcdchocolate.com\/en\/product\/caixa-bombom\/","title":{"rendered":"Caixa Bombom Cora\u00e7\u00e3o M\u00c3E"},"content":{"rendered":"<p>All the chocolates are handmade and decorated.<\/p>\n<p><strong>INGREDIENTS<\/strong><br \/>\nChocolate belga Leite (m\u00ednimo de 33% de cacau), a\u00e7\u00facar, pasta de cacau, manteiga de cacau, emulsionante, lecitina de soja, aroma natural de baunilha. Recheios:\u00a0 Oreo, Caramelo Flor de sal, Smarties e sem recheio (simples).<\/p>\n<p>Pode conter vest\u00edgios de frutos secos<\/p>\n<p><strong>EXPIRATION<\/strong><br \/>\n3 months<\/p>\n<p><strong>CONSERVATION<\/strong><br \/>\nChocolates should be stored in a cool, dry place. However, to maintain the chocolate's properties, they should not be stored in the fridge.<\/p>","protected":false},"excerpt":{"rendered":"<p>Caixa de 1 bombom em chocolate belga Leite com ou sem recheio, sem conservantes.<\/p>\n<p>Composi\u00e7\u00e3o da caixa:<\/p>\n<p>Recheios:<\/p>\n<ul>\n<li>Caramelo flor de sal<\/li>\n<li>Smarties<\/li>\n<li>sem recheio<\/li>\n<li><span style=\"font-size: 16px;\">Peso aproximado: 50g<\/span><\/li>\n<\/ul>","protected":false},"featured_media":4285,"template":"","meta":{"om_disable_all_campaigns":false,"site-sidebar-layout":"default","site-content-layout":"default","ast-global-header-display":"","ast-main-header-display":"","ast-hfb-above-header-display":"","ast-hfb-below-header-display":"","ast-hfb-mobile-header-display":"","site-post-title":"","ast-breadcrumbs-content":"","ast-featured-img":"","footer-sml-layout":"","theme-transparent-header-meta":"default","adv-header-id-meta":"","stick-header-meta":"","header-above-stick-meta":"","header-main-stick-meta":"","header-below-stick-meta":""},"product_cat":[15,27],"product_tag":[],"aioseo_notices":[],"_links":{"self":[{"href":"https:\/\/abcdchocolate.com\/en\/wp-json\/wp\/v2\/product\/3817"}],"collection":[{"href":"https:\/\/abcdchocolate.com\/en\/wp-json\/wp\/v2\/product"}],"about":[{"href":"https:\/\/abcdchocolate.com\/en\/wp-json\/wp\/v2\/types\/product"}],"wp:featuredmedia":[{"embeddable":true,"href":"https:\/\/abcdchocolate.com\/en\/wp-json\/wp\/v2\/media\/4285"}],"wp:attachment":[{"href":"https:\/\/abcdchocolate.com\/en\/wp-json\/wp\/v2\/media?parent=3817"}],"wp:term":[{"taxonomy":"product_cat","embeddable":true,"href":"https:\/\/abcdchocolate.com\/en\/wp-json\/wp\/v2\/product_cat?post=3817"},{"taxonomy":"product_tag","embeddable":true,"href":"https:\/\/abcdchocolate.com\/en\/wp-json\/wp\/v2\/product_tag?post=3817"}],"curies":[{"name":"wp","href":"https:\/\/api.w.org\/{rel}","templated":true}]}}