{"id":3961,"date":"2024-01-07T19:48:24","date_gmt":"2024-01-07T19:48:24","guid":{"rendered":"https:\/\/abcdchocolate.com\/?post_type=product&#038;p=3961"},"modified":"2026-03-13T15:19:06","modified_gmt":"2026-03-13T14:19:06","slug":"caixa-de-flores-sortida","status":"publish","type":"product","link":"https:\/\/abcdchocolate.com\/en\/product\/caixa-de-flores-sortida\/","title":{"rendered":"Caixa de flores  Primavera"},"content":{"rendered":"<p>Todos os produtos s\u00e3o confecionados e decorados de forma artesanal.<\/p>\n<p><strong>INGREDIENTS<br \/>\n<\/strong>Chocolate belga de leite (m\u00ednimo 33,6% de cacau), a\u00e7\u00facar, manteiga de cacau, leite em p\u00f3 gordo, pasta de cacau, emulsionante, lecitina de <strong>soya lecithin<\/strong>natural vanilla flavoring.<\/p>\n<p>Chocolate belga Ruby (m\u00ednimo 33,6% de cacau),a\u00e7\u00facar, manteiga de cacau, leite desnatado leite em p\u00f3, todo o leite em p\u00f3, a massa de cacau, emulsionante: E322 ( soja )\u00e1cido: E330, aroma natural de baunilha.<\/p>\n<p>Chocolate belga branco (m\u00ednimo 28% de cacau), a\u00e7\u00facar, manteiga de cacau, leite em p\u00f3 integral, emulsionante, lecitina de<strong> soya lecithin<\/strong>natural vanilla flavoring.<br \/>\nChocolate Belga Negro (m\u00ednimo 54,5% de cacau), a\u00e7\u00facar, manteiga de cacau,  pasta de cacau, emulsionante, lecitina de<strong> soya lecithin<\/strong>natural vanilla flavoring.<\/p>\n<p>Isento de gl\u00faten.<\/p>\n<p><strong>EXPIRATION<\/strong><br \/>\n1 year<\/p>\n<p><strong>CONSERVATION<\/strong><br \/>\nChocolates should be stored in a cool, dry place. However, to maintain the chocolate's properties, it should not be stored in the fridge.<\/p>","protected":false},"excerpt":{"rendered":"<p>A Caixa cont\u00eam flores \u00e9 feita artesanalmente em chocolate belga branco e Ruby sem conservantes.<\/p>\n<p>Composi\u00e7\u00e3o de:<\/p>\n<ul>\n caixa com flores em chocolate branco e ruby\n<\/ul>\n<p>Peso aproximadamente: 135g<\/p>","protected":false},"featured_media":4862,"template":"","meta":{"om_disable_all_campaigns":false,"site-sidebar-layout":"default","site-content-layout":"default","ast-global-header-display":"","ast-main-header-display":"","ast-hfb-above-header-display":"","ast-hfb-below-header-display":"","ast-hfb-mobile-header-display":"","site-post-title":"","ast-breadcrumbs-content":"","ast-featured-img":"","footer-sml-layout":"","theme-transparent-header-meta":"default","adv-header-id-meta":"","stick-header-meta":"","header-above-stick-meta":"","header-main-stick-meta":"","header-below-stick-meta":""},"product_cat":[15,27],"product_tag":[],"aioseo_notices":[],"_links":{"self":[{"href":"https:\/\/abcdchocolate.com\/en\/wp-json\/wp\/v2\/product\/3961"}],"collection":[{"href":"https:\/\/abcdchocolate.com\/en\/wp-json\/wp\/v2\/product"}],"about":[{"href":"https:\/\/abcdchocolate.com\/en\/wp-json\/wp\/v2\/types\/product"}],"wp:featuredmedia":[{"embeddable":true,"href":"https:\/\/abcdchocolate.com\/en\/wp-json\/wp\/v2\/media\/4862"}],"wp:attachment":[{"href":"https:\/\/abcdchocolate.com\/en\/wp-json\/wp\/v2\/media?parent=3961"}],"wp:term":[{"taxonomy":"product_cat","embeddable":true,"href":"https:\/\/abcdchocolate.com\/en\/wp-json\/wp\/v2\/product_cat?post=3961"},{"taxonomy":"product_tag","embeddable":true,"href":"https:\/\/abcdchocolate.com\/en\/wp-json\/wp\/v2\/product_tag?post=3961"}],"curies":[{"name":"wp","href":"https:\/\/api.w.org\/{rel}","templated":true}]}}