{"id":4085,"date":"2023-11-05T18:07:21","date_gmt":"2023-11-05T18:07:21","guid":{"rendered":"https:\/\/abcdchocolate.com\/?post_type=product&#038;p=4085"},"modified":"2025-09-17T17:28:02","modified_gmt":"2025-09-17T16:28:02","slug":"tablete-de-malagueta","status":"publish","type":"product","link":"https:\/\/abcdchocolate.com\/en\/product\/tablete-de-malagueta\/","title":{"rendered":"Tablete de Malagueta"},"content":{"rendered":"<p>Our dark chocolate bars are handmade and decorated using high quality raw materials.<\/p>\n<p>Estas tabletes artesanais de chocolate com 54% de cacau, est\u00e3o dispon\u00edveis com tabletes de (80g) aprox.<\/p>\n<p><strong>INGREDIENTS<\/strong><\/p>\n<p>Chocolate belga negro (m\u00ednimo de 54,5% de cacau),a\u00e7\u00facar, pasta de cacau, manteiga de cacau, emulsionante:\u00a0 lec\u00edtina de soja, aroma natural de baunilha, Malagueta em p\u00f3.<\/p>\n<p>May contain milk. Gluten-free.<\/p>\n<p><strong>EXPIRATION<\/strong><br \/>\n12 meses<\/p>\n<p><strong>CONSERVATION<\/strong><br \/>\nThe bars should be kept in a cool, dry place. However, to maintain the chocolate's properties, they should not be stored in the fridge.<\/p>","protected":false},"excerpt":{"rendered":"<p>As tabletes s\u00e3o artesanais de chocolate belga negro (m\u00ednimo de 54,5% de cacau) nem conservantes.<\/p>\n<p>Tablet composition:<\/p>\n<ul>\n<li>Chocolate belga negro com malagueta<\/li>\n<\/ul>\n<p>Approximate weight: 80g<\/p>\n<p>Try it out!<\/p>","protected":false},"featured_media":1553,"template":"","meta":{"om_disable_all_campaigns":false,"site-sidebar-layout":"default","site-content-layout":"default","ast-global-header-display":"","ast-main-header-display":"","ast-hfb-above-header-display":"","ast-hfb-below-header-display":"","ast-hfb-mobile-header-display":"","site-post-title":"","ast-breadcrumbs-content":"","ast-featured-img":"","footer-sml-layout":"","theme-transparent-header-meta":"default","adv-header-id-meta":"","stick-header-meta":"","header-above-stick-meta":"","header-main-stick-meta":"","header-below-stick-meta":""},"product_cat":[19],"product_tag":[],"aioseo_notices":[],"_links":{"self":[{"href":"https:\/\/abcdchocolate.com\/en\/wp-json\/wp\/v2\/product\/4085"}],"collection":[{"href":"https:\/\/abcdchocolate.com\/en\/wp-json\/wp\/v2\/product"}],"about":[{"href":"https:\/\/abcdchocolate.com\/en\/wp-json\/wp\/v2\/types\/product"}],"wp:featuredmedia":[{"embeddable":true,"href":"https:\/\/abcdchocolate.com\/en\/wp-json\/wp\/v2\/media\/1553"}],"wp:attachment":[{"href":"https:\/\/abcdchocolate.com\/en\/wp-json\/wp\/v2\/media?parent=4085"}],"wp:term":[{"taxonomy":"product_cat","embeddable":true,"href":"https:\/\/abcdchocolate.com\/en\/wp-json\/wp\/v2\/product_cat?post=4085"},{"taxonomy":"product_tag","embeddable":true,"href":"https:\/\/abcdchocolate.com\/en\/wp-json\/wp\/v2\/product_tag?post=4085"}],"curies":[{"name":"wp","href":"https:\/\/api.w.org\/{rel}","templated":true}]}}