{"id":4318,"date":"2024-04-06T09:14:00","date_gmt":"2024-04-06T09:14:00","guid":{"rendered":"https:\/\/abcdchocolate.com\/?post_type=product&#038;p=4318"},"modified":"2026-03-24T11:34:30","modified_gmt":"2026-03-24T10:34:30","slug":"caixa-flores","status":"publish","type":"product","link":"https:\/\/abcdchocolate.com\/en\/product\/caixa-flores\/","title":{"rendered":"Caixa Dia da M\u00e3e"},"content":{"rendered":"<p>All the chocolates are handmade and decorated.<\/p>\n<p><strong>INGREDIENTS<\/strong><br \/>\nChocolate belga negro (m\u00ednimo de 54,5% de cacau), pasta de cacau, a\u00e7\u00facar, manteiga de cacau, emulsionante, lecitina de soja, aroma natural de baunilha,\u00a0 caramelo flor de sal, chocolate negro e framboesa.<\/p>\n<p><strong>EXPIRATION<\/strong><br \/>\n1 month<\/p>\n<p><strong>CONSERVATION<\/strong><br \/>\nChocolates should be stored in a cool, dry place. However, to maintain the chocolate's properties, they should not be stored in the fridge.<\/p>","protected":false},"excerpt":{"rendered":"<p>Caixa\u00a0 9 bombons Dia da M\u00e3e s\u00e3o artesanais de chocolate belga negro(54,5% cacau) com recheios de: maracuj\u00e1, caramelo flor de sal e framboesa.<\/p>\n<ul>\n<li>3 bombons com recheio framboesa<\/li>\n<li>3 bombons de recheio de caramelo flor de sal<\/li>\n<li>3 bombons com recheio de maracuj\u00e1<\/li>\n<\/ul>\n<p>Peso aproximado: 125g<\/p>","protected":false},"featured_media":1650,"template":"","meta":{"om_disable_all_campaigns":false,"site-sidebar-layout":"default","site-content-layout":"default","ast-global-header-display":"","ast-main-header-display":"","ast-hfb-above-header-display":"","ast-hfb-below-header-display":"","ast-hfb-mobile-header-display":"","site-post-title":"","ast-breadcrumbs-content":"","ast-featured-img":"","footer-sml-layout":"","theme-transparent-header-meta":"default","adv-header-id-meta":"","stick-header-meta":"","header-above-stick-meta":"","header-main-stick-meta":"","header-below-stick-meta":""},"product_cat":[15,27],"product_tag":[],"aioseo_notices":[],"_links":{"self":[{"href":"https:\/\/abcdchocolate.com\/en\/wp-json\/wp\/v2\/product\/4318"}],"collection":[{"href":"https:\/\/abcdchocolate.com\/en\/wp-json\/wp\/v2\/product"}],"about":[{"href":"https:\/\/abcdchocolate.com\/en\/wp-json\/wp\/v2\/types\/product"}],"wp:featuredmedia":[{"embeddable":true,"href":"https:\/\/abcdchocolate.com\/en\/wp-json\/wp\/v2\/media\/1650"}],"wp:attachment":[{"href":"https:\/\/abcdchocolate.com\/en\/wp-json\/wp\/v2\/media?parent=4318"}],"wp:term":[{"taxonomy":"product_cat","embeddable":true,"href":"https:\/\/abcdchocolate.com\/en\/wp-json\/wp\/v2\/product_cat?post=4318"},{"taxonomy":"product_tag","embeddable":true,"href":"https:\/\/abcdchocolate.com\/en\/wp-json\/wp\/v2\/product_tag?post=4318"}],"curies":[{"name":"wp","href":"https:\/\/api.w.org\/{rel}","templated":true}]}}