{"id":4320,"date":"2024-04-07T12:51:12","date_gmt":"2024-04-07T12:51:12","guid":{"rendered":"https:\/\/abcdchocolate.com\/?post_type=product&#038;p=4320"},"modified":"2026-01-10T16:56:00","modified_gmt":"2026-01-10T15:56:00","slug":"caixa-primavera","status":"publish","type":"product","link":"https:\/\/abcdchocolate.com\/en\/product\/caixa-primavera\/","title":{"rendered":"Caixa ABC"},"content":{"rendered":"<p>All the chocolates are handmade and decorated.<\/p>\n<p><strong>INGREDIENTS<\/strong><br \/>\nChocolate belga negro (m\u00ednimo de 54,5% de cacau), pasta de cacau, a\u00e7\u00facar, manteiga de cacau, emulsionante: lecitina de soja, aroma natural de baunilha,\u00a0 caramelo flor de sal,(minimo de 33,6%cacau), a\u00e7\u00facar, manteiga de cacau, leite em p\u00f3 gordo, pasta de cacau, emulsionante: lecitina de soja, aroma natural de baunilha.<br \/>\nRecheios: chocolate negro, frutos do bosque e chocolate leite e caramelo flor de sal.<br \/>\nFeito por encomenda de cada cliente.<\/p>\n<p><strong>EXPIRATION<\/strong><br \/>\n3 Meses<\/p>\n<p><strong>CONSERVATION<\/strong><br \/>\nChocolates should be stored in a cool, dry place. However, to maintain the chocolate's properties, they should not be stored in the fridge.<\/p>","protected":false},"excerpt":{"rendered":"<p>Caixa 16 bombons Love ABC s\u00e3o artesanais de chocolate belga negro, leite com recheios sem conservantes.<\/p>\n<ul>\n<li>4 bombons com recheio frutos do bosque<\/li>\n<li>4 bombons de recheio de caramelo flor de sal<\/li>\n<li>4 bombons com recheio de chocolate negro<\/li>\n<li>4 bombons com recheio de chocolate leite<\/li>\n<\/ul>\n<p>Approximate weight: 250g<\/p>","protected":false},"featured_media":4751,"template":"","meta":{"om_disable_all_campaigns":false,"site-sidebar-layout":"default","site-content-layout":"default","ast-global-header-display":"","ast-main-header-display":"","ast-hfb-above-header-display":"","ast-hfb-below-header-display":"","ast-hfb-mobile-header-display":"","site-post-title":"","ast-breadcrumbs-content":"","ast-featured-img":"","footer-sml-layout":"","theme-transparent-header-meta":"default","adv-header-id-meta":"","stick-header-meta":"","header-above-stick-meta":"","header-main-stick-meta":"","header-below-stick-meta":""},"product_cat":[15],"product_tag":[],"aioseo_notices":[],"_links":{"self":[{"href":"https:\/\/abcdchocolate.com\/en\/wp-json\/wp\/v2\/product\/4320"}],"collection":[{"href":"https:\/\/abcdchocolate.com\/en\/wp-json\/wp\/v2\/product"}],"about":[{"href":"https:\/\/abcdchocolate.com\/en\/wp-json\/wp\/v2\/types\/product"}],"wp:featuredmedia":[{"embeddable":true,"href":"https:\/\/abcdchocolate.com\/en\/wp-json\/wp\/v2\/media\/4751"}],"wp:attachment":[{"href":"https:\/\/abcdchocolate.com\/en\/wp-json\/wp\/v2\/media?parent=4320"}],"wp:term":[{"taxonomy":"product_cat","embeddable":true,"href":"https:\/\/abcdchocolate.com\/en\/wp-json\/wp\/v2\/product_cat?post=4320"},{"taxonomy":"product_tag","embeddable":true,"href":"https:\/\/abcdchocolate.com\/en\/wp-json\/wp\/v2\/product_tag?post=4320"}],"curies":[{"name":"wp","href":"https:\/\/api.w.org\/{rel}","templated":true}]}}