{"id":4454,"date":"2024-10-15T09:38:20","date_gmt":"2024-10-15T08:38:20","guid":{"rendered":"https:\/\/abcdchocolate.com\/?post_type=product&#038;p=4454"},"modified":"2026-04-21T11:01:39","modified_gmt":"2026-04-21T10:01:39","slug":"abc-chocobarra","status":"publish","type":"product","link":"https:\/\/abcdchocolate.com\/en\/product\/abc-chocobarra\/","title":{"rendered":"ABC Chocobarra"},"content":{"rendered":"<p>O ABC CHOCOBARRA \u00e9 de chocolate negro ou leite \u00e9 confecionadas e decoradas de forma artesanal, utilizando mat\u00e9ria-prima de grande qualidade.<\/p>\n<p><strong>INGREDIENTS<\/strong><\/p>\n<p>Chocolate belga negro (m\u00ednimo de 54,5% de cacau), pasta de cacau, a\u00e7\u00facar, manteiga de cacau, emulsionante: lecitina de soja e aroma natural de baunilha .<\/p>\n<p>Chocolate belga de leite (33,6% de cacau), a\u00e7\u00facar, manteiga de cacau, massa de cacau, leite em p\u00f3 integral, emulsionante: lecitina de SOJA, aroma natural de baunilha<br \/>\nRecheio: biscoito, caramelo, e chocolate leite ou em chocolate negro<\/p>\n<p>Pode conter\u00a0 Frutos de casca Rija e Leite<\/p>\n<p><strong>EXPIRATION<\/strong><br \/>\n3 months<\/p>\n<p><strong>CONSERVATION<\/strong><br \/>\nABC devem ser conservadas em local fresco e seco. No entanto, para manter as propriedades do chocolate, n\u00e3o devem ser guardadas no frigor\u00edfico.<\/p>","protected":false},"excerpt":{"rendered":"<p>ABC Choco Barra \u00e9 artesanal de biscoito com caramelo e chocolate belga Leite ou Negro, sem conservantes.<\/p>\n<p>&nbsp;<\/p>\n<p>&nbsp;<\/p>\n<p><strong>C<\/strong>composi\u00e7\u00e3o\u00a0 Saco de ABC Chocobarra:<\/p>\n<ul>\n<li>Biscoito com caramelo e Chocolate belga Leite ou Negro .<\/li>\n<\/ul>\n<p>Quantidade aproximado: 20 barras<\/p>\n<p>Peso aproximado de: 700g<\/p>\n<p>Try it out!<\/p>","protected":false},"featured_media":4453,"template":"","meta":{"om_disable_all_campaigns":false,"site-sidebar-layout":"default","site-content-layout":"default","ast-global-header-display":"","ast-main-header-display":"","ast-hfb-above-header-display":"","ast-hfb-below-header-display":"","ast-hfb-mobile-header-display":"","site-post-title":"","ast-breadcrumbs-content":"","ast-featured-img":"","footer-sml-layout":"","theme-transparent-header-meta":"default","adv-header-id-meta":"","stick-header-meta":"","header-above-stick-meta":"","header-main-stick-meta":"","header-below-stick-meta":""},"product_cat":[15,19],"product_tag":[],"aioseo_notices":[],"_links":{"self":[{"href":"https:\/\/abcdchocolate.com\/en\/wp-json\/wp\/v2\/product\/4454"}],"collection":[{"href":"https:\/\/abcdchocolate.com\/en\/wp-json\/wp\/v2\/product"}],"about":[{"href":"https:\/\/abcdchocolate.com\/en\/wp-json\/wp\/v2\/types\/product"}],"wp:featuredmedia":[{"embeddable":true,"href":"https:\/\/abcdchocolate.com\/en\/wp-json\/wp\/v2\/media\/4453"}],"wp:attachment":[{"href":"https:\/\/abcdchocolate.com\/en\/wp-json\/wp\/v2\/media?parent=4454"}],"wp:term":[{"taxonomy":"product_cat","embeddable":true,"href":"https:\/\/abcdchocolate.com\/en\/wp-json\/wp\/v2\/product_cat?post=4454"},{"taxonomy":"product_tag","embeddable":true,"href":"https:\/\/abcdchocolate.com\/en\/wp-json\/wp\/v2\/product_tag?post=4454"}],"curies":[{"name":"wp","href":"https:\/\/api.w.org\/{rel}","templated":true}]}}