{"id":4546,"date":"2024-11-18T12:22:06","date_gmt":"2024-11-18T11:22:06","guid":{"rendered":"https:\/\/abcdchocolate.com\/?post_type=product&#038;p=4546"},"modified":"2025-11-11T13:08:01","modified_gmt":"2025-11-11T12:08:01","slug":"caixa-personalizada-para-eventos","status":"publish","type":"product","link":"https:\/\/abcdchocolate.com\/en\/product\/caixa-personalizada-para-eventos\/","title":{"rendered":"Napolitanas de chocolate &#8211; Pequenos chocolates personalizados"},"content":{"rendered":"<p>As napolitanas s\u00e3o confeccionados e decorados de forma artesanal. Os Cart\u00f5es n\u00e3o est\u00e3o inclu\u00eddos. Podem ser encomendados \u00e1 parte e personalizados por si.<\/p>\n<p><strong>INGREDIENTS<\/strong><\/p>\n<p>Chocolate belga Negro (m\u00ednimo 54,5% cacau), a\u00e7\u00facar, manteiga de cacau, pasta de cacau, emulsionante: lecitina de soja, aroma natural de baunilha<\/p>\n<p>Belgian milk chocolate (minimum 33.6% cocoa), sugar, cocoa butter, whole milk powder, cocoa paste, emulsifier, soya lecithin, natural vanilla flavoring.<\/p>\n<p>Pode conter\u00a0 vest\u00edgios de frutos secos, sem gl\u00faten.<\/p>\n<p><strong>EXPIRATION<\/strong><br \/>\n1 year<\/p>\n<p><strong>CONSERVATION<\/strong><br \/>\nAs Napolitanas devem ser conservados num local fresco e seco. No entanto, para manter as propriedades do chocolate, n\u00e3o devem ser guardados no frigor\u00edfico.<\/p>","protected":false},"excerpt":{"rendered":"<p>Conjunto de napolitanas s\u00e3o artesanais em chocolate belga negro ou leite sem recheios e sem conservantes.<br \/>\n Napolitanas.<br \/>\nCaso pretendam em chocolate leite enviem a mensagem para fazermos no chocolate da vossa prefer\u00eancia,<br \/>\nos valores s\u00e3o o mesmos.<\/p>\n<p>NAPOLITANAS , cintas e pratas<\/p>\n<ul>\n<li>100\/500 unidades Napolitanas em chocolate belga negro ou leite<\/li>\n<li>600\/1000 unidades Napolitanas em chocolate belga negro ou leite<\/li>\n<p>&nbsp;<\/p>","protected":false},"featured_media":2312,"template":"","meta":{"om_disable_all_campaigns":false,"site-sidebar-layout":"default","site-content-layout":"default","ast-global-header-display":"","ast-main-header-display":"","ast-hfb-above-header-display":"","ast-hfb-below-header-display":"","ast-hfb-mobile-header-display":"","site-post-title":"","ast-breadcrumbs-content":"","ast-featured-img":"","footer-sml-layout":"","theme-transparent-header-meta":"default","adv-header-id-meta":"","stick-header-meta":"","header-above-stick-meta":"","header-main-stick-meta":"","header-below-stick-meta":""},"product_cat":[15,17],"product_tag":[],"aioseo_notices":[],"_links":{"self":[{"href":"https:\/\/abcdchocolate.com\/en\/wp-json\/wp\/v2\/product\/4546"}],"collection":[{"href":"https:\/\/abcdchocolate.com\/en\/wp-json\/wp\/v2\/product"}],"about":[{"href":"https:\/\/abcdchocolate.com\/en\/wp-json\/wp\/v2\/types\/product"}],"wp:featuredmedia":[{"embeddable":true,"href":"https:\/\/abcdchocolate.com\/en\/wp-json\/wp\/v2\/media\/2312"}],"wp:attachment":[{"href":"https:\/\/abcdchocolate.com\/en\/wp-json\/wp\/v2\/media?parent=4546"}],"wp:term":[{"taxonomy":"product_cat","embeddable":true,"href":"https:\/\/abcdchocolate.com\/en\/wp-json\/wp\/v2\/product_cat?post=4546"},{"taxonomy":"product_tag","embeddable":true,"href":"https:\/\/abcdchocolate.com\/en\/wp-json\/wp\/v2\/product_tag?post=4546"}],"curies":[{"name":"wp","href":"https:\/\/api.w.org\/{rel}","templated":true}]}}