{"id":4658,"date":"2025-02-07T14:40:02","date_gmt":"2025-02-07T13:40:02","guid":{"rendered":"https:\/\/abcdchocolate.com\/?post_type=product&#038;p=4658"},"modified":"2026-01-10T17:19:55","modified_gmt":"2026-01-10T16:19:55","slug":"tablete-em-chocolate-negro-2","status":"publish","type":"product","link":"https:\/\/abcdchocolate.com\/en\/product\/tablete-em-chocolate-negro-2\/","title":{"rendered":"Tablete Mensagem em Chocolate Negro\/Leite"},"content":{"rendered":"<p>Our dark chocolate bars are handmade and decorated using high quality raw materials.<\/p>\n<p>A Tablete \u00e9 em chocolate belga negro (com 54,5% cacau), a\u00e7\u00facar, pasta de cacau, manteiga de cacau, emulsionantes: lecitina de soja, aroma natural de baunilha.<br \/>\nTablete em chocolate de leite com (minimo 33,6% cacau), a\u00e7\u00facar, pasta de cacau, manteiga de cacau, leite em p\u00f3 gordo, emulsionantes: lecitina de soja, aroma natural de baunilha.<br \/>\nMay contain milk. Gluten-free.<\/p>\n<p><strong>EXPIRATION<\/strong><br \/>\n1 year<\/p>\n<p><strong>CONSERVATION<\/strong><br \/>\nThe bars should be kept in a cool, dry place. However, to maintain the chocolate's properties, they should not be stored in the fridge.<\/p>","protected":false},"excerpt":{"rendered":"<p>A tablete \u00e9 artesanal de chocolate belga negro e leite e sem conservantes.<\/p>\n<p>Tablet composition:<\/p>\n<ul>\n<li>Belgian dark chocolate<br \/>\nPeso aproximado: 95g<\/p>\n<p>Try it out!<\/p>","protected":false},"featured_media":4653,"template":"","meta":{"om_disable_all_campaigns":false,"site-sidebar-layout":"default","site-content-layout":"default","ast-global-header-display":"","ast-main-header-display":"","ast-hfb-above-header-display":"","ast-hfb-below-header-display":"","ast-hfb-mobile-header-display":"","site-post-title":"","ast-breadcrumbs-content":"","ast-featured-img":"","footer-sml-layout":"","theme-transparent-header-meta":"default","adv-header-id-meta":"","stick-header-meta":"","header-above-stick-meta":"","header-main-stick-meta":"","header-below-stick-meta":""},"product_cat":[22,19,43],"product_tag":[],"aioseo_notices":[],"_links":{"self":[{"href":"https:\/\/abcdchocolate.com\/en\/wp-json\/wp\/v2\/product\/4658"}],"collection":[{"href":"https:\/\/abcdchocolate.com\/en\/wp-json\/wp\/v2\/product"}],"about":[{"href":"https:\/\/abcdchocolate.com\/en\/wp-json\/wp\/v2\/types\/product"}],"wp:featuredmedia":[{"embeddable":true,"href":"https:\/\/abcdchocolate.com\/en\/wp-json\/wp\/v2\/media\/4653"}],"wp:attachment":[{"href":"https:\/\/abcdchocolate.com\/en\/wp-json\/wp\/v2\/media?parent=4658"}],"wp:term":[{"taxonomy":"product_cat","embeddable":true,"href":"https:\/\/abcdchocolate.com\/en\/wp-json\/wp\/v2\/product_cat?post=4658"},{"taxonomy":"product_tag","embeddable":true,"href":"https:\/\/abcdchocolate.com\/en\/wp-json\/wp\/v2\/product_tag?post=4658"}],"curies":[{"name":"wp","href":"https:\/\/api.w.org\/{rel}","templated":true}]}}