{"id":4839,"date":"2026-02-06T09:58:48","date_gmt":"2026-02-06T08:58:48","guid":{"rendered":"https:\/\/abcdchocolate.com\/?post_type=product&#038;p=4839"},"modified":"2026-04-09T14:56:25","modified_gmt":"2026-04-09T13:56:25","slug":"tablete-coelho-de-pascoa-copia","status":"publish","type":"product","link":"https:\/\/abcdchocolate.com\/en\/product\/tablete-coelho-de-pascoa-copia\/","title":{"rendered":"Tablete Cora\u00e7\u00f5es Grandes"},"content":{"rendered":"<p>As nossas tabletes\u00a0 s\u00e3o confecionadas e decoradas de forma artesanal, utilizando mat\u00e9ria-prima de grande qualidade.<\/p>\n<p><strong>INGREDIENTS:<\/strong><\/p>\n<p>Chocolate belga leite (m\u00ednimo de 33,6% de cacau), pasta de cacau, a\u00e7\u00facar, manteiga de cacau, leite em p\u00f3 gordo, emulsionante, lec\u00edtina de soja e aroma natural de baunilha.<\/p>\n<p>Chocolate belga branco (m\u00ednimo de 28% de cacau),\u00a0 a\u00e7\u00facar, manteiga de cacau, leite em p\u00f3 de cacau, emulsionante lec\u00edtina de soja e aroma natural de baunilha.<\/p>\n<p>Chocolate Belga negro (m\u00ednimo de 54,4% de cacau) a\u00e7\u00facar, manteiga de cacau, pasta de cacau, emulsionante lec\u00edtina de soja e aroma natural de baunilha<\/p>\n<p>&nbsp;<\/p>\n<p>Cont\u00e9m LEITE, pode conter frutos de casca rija e vest\u00edgios de soja.<\/p>\n<p><strong>EXPIRATION<\/strong><br \/>\n1 year<\/p>\n<p><strong>CONSERVATION<\/strong><br \/>\nThe bars should be kept in a cool, dry place. However, to maintain the chocolate's properties, they should not be stored in the fridge.<\/p>","protected":false},"excerpt":{"rendered":"<p>As tabletes Cora\u00e7\u00f5es Grandes s\u00e3o artesanais de chocolate belga leite, branco e negro sem conservantes sem recheios e sem conservantes.<\/p>\n<p>Composi\u00e7\u00e3o das tabletes:<br \/>\n       &#8211; Tablete de chocolate leite simples<br \/>\n       &#8211; Tablete de chocolate branco simples<br \/>\n       &#8211; Tablete de chocolate negro simples<\/p>\n<p>Peso aproximado de 90g<\/p>","protected":false},"featured_media":4833,"template":"","meta":{"om_disable_all_campaigns":false,"site-sidebar-layout":"default","site-content-layout":"default","ast-global-header-display":"","ast-main-header-display":"","ast-hfb-above-header-display":"","ast-hfb-below-header-display":"","ast-hfb-mobile-header-display":"","site-post-title":"","ast-breadcrumbs-content":"","ast-featured-img":"","footer-sml-layout":"","theme-transparent-header-meta":"default","adv-header-id-meta":"","stick-header-meta":"","header-above-stick-meta":"","header-main-stick-meta":"","header-below-stick-meta":""},"product_cat":[22,19],"product_tag":[],"aioseo_notices":[],"_links":{"self":[{"href":"https:\/\/abcdchocolate.com\/en\/wp-json\/wp\/v2\/product\/4839"}],"collection":[{"href":"https:\/\/abcdchocolate.com\/en\/wp-json\/wp\/v2\/product"}],"about":[{"href":"https:\/\/abcdchocolate.com\/en\/wp-json\/wp\/v2\/types\/product"}],"wp:featuredmedia":[{"embeddable":true,"href":"https:\/\/abcdchocolate.com\/en\/wp-json\/wp\/v2\/media\/4833"}],"wp:attachment":[{"href":"https:\/\/abcdchocolate.com\/en\/wp-json\/wp\/v2\/media?parent=4839"}],"wp:term":[{"taxonomy":"product_cat","embeddable":true,"href":"https:\/\/abcdchocolate.com\/en\/wp-json\/wp\/v2\/product_cat?post=4839"},{"taxonomy":"product_tag","embeddable":true,"href":"https:\/\/abcdchocolate.com\/en\/wp-json\/wp\/v2\/product_tag?post=4839"}],"curies":[{"name":"wp","href":"https:\/\/api.w.org\/{rel}","templated":true}]}}