{"id":4852,"date":"2026-02-06T10:24:42","date_gmt":"2026-02-06T09:24:42","guid":{"rendered":"https:\/\/abcdchocolate.com\/?post_type=product&#038;p=4852"},"modified":"2026-03-19T10:24:55","modified_gmt":"2026-03-19T09:24:55","slug":"colheres","status":"publish","type":"product","link":"https:\/\/abcdchocolate.com\/en\/product\/colheres\/","title":{"rendered":"Colheres"},"content":{"rendered":"<p>As nossas Colheres de chocolate negro s\u00e3o confecionadas e decoradas de forma artesanal, utilizando mat\u00e9ria-prima de grande qualidade.<\/p>\n<p>Estas tabletes artesanais de chocolate com 54% de cacau, est\u00e3o dispon\u00edveis com tabletes de (80g) aprox.<\/p>\n<p><strong>INGREDIENTS<\/strong><\/p>\n<p>Chocolate belga negro (m\u00ednimo de 54,5% de cacau),a\u00e7\u00facar, pasta de cacau, manteiga de cacau, emulsionante:\u00a0 lec\u00edtina de soja, aroma natural de baunilha, recheio: smarties<br \/>\nChocolate belga leite ((m\u00ednimo de 33,6% de cacau),a\u00e7\u00facar, pasta de cacau, manteiga de cacau, emulsionante:\u00a0 lec\u00edtina de soja, aroma natural de baunilha, recheio: smarties<br \/>\nChocolate belga branco (m\u00ednimo de 28% de cacau),  a\u00e7\u00facar, manteiga de cacau, leite em p\u00f3 de cacau, emulsionante lec\u00edtina de soja e aroma natural de baunilha, recheio: smarties<\/p>\n<p>May contain milk. Gluten-free.<\/p>\n<p><strong>EXPIRATION<\/strong><br \/>\n12 meses<\/p>\n<p><strong>CONSERVATION<\/strong><br \/>\nAs Colheres devem ser conservadas em local fresco e seco. No entanto, para manter as propriedades do chocolate, n\u00e3o devem ser guardadas no frigor\u00edfico.<\/p>","protected":false},"excerpt":{"rendered":"<p>As Colheres s\u00e3o artesanais de chocolate belga negro , Leite e branco, nem conservantes.<\/p>\n<p>Tablet composition:<\/p>\n<ul>\n<li>Chocolate belga leite com smarties\/li>\n<li>Chocolate belga branco com smarties\/li>\n<li>Chocolate belga negro com smarties\/li>\n<\/ul>\n<p>Peso aproximado: 100g<\/p>\n<p>Try it out!<\/p>","protected":false},"featured_media":4832,"template":"","meta":{"om_disable_all_campaigns":false,"site-sidebar-layout":"default","site-content-layout":"default","ast-global-header-display":"","ast-main-header-display":"","ast-hfb-above-header-display":"","ast-hfb-below-header-display":"","ast-hfb-mobile-header-display":"","site-post-title":"","ast-breadcrumbs-content":"","ast-featured-img":"","footer-sml-layout":"","theme-transparent-header-meta":"default","adv-header-id-meta":"","stick-header-meta":"","header-above-stick-meta":"","header-main-stick-meta":"","header-below-stick-meta":""},"product_cat":[17,18],"product_tag":[],"aioseo_notices":[],"_links":{"self":[{"href":"https:\/\/abcdchocolate.com\/en\/wp-json\/wp\/v2\/product\/4852"}],"collection":[{"href":"https:\/\/abcdchocolate.com\/en\/wp-json\/wp\/v2\/product"}],"about":[{"href":"https:\/\/abcdchocolate.com\/en\/wp-json\/wp\/v2\/types\/product"}],"wp:featuredmedia":[{"embeddable":true,"href":"https:\/\/abcdchocolate.com\/en\/wp-json\/wp\/v2\/media\/4832"}],"wp:attachment":[{"href":"https:\/\/abcdchocolate.com\/en\/wp-json\/wp\/v2\/media?parent=4852"}],"wp:term":[{"taxonomy":"product_cat","embeddable":true,"href":"https:\/\/abcdchocolate.com\/en\/wp-json\/wp\/v2\/product_cat?post=4852"},{"taxonomy":"product_tag","embeddable":true,"href":"https:\/\/abcdchocolate.com\/en\/wp-json\/wp\/v2\/product_tag?post=4852"}],"curies":[{"name":"wp","href":"https:\/\/api.w.org\/{rel}","templated":true}]}}