{"id":4869,"date":"2026-03-15T13:46:26","date_gmt":"2026-03-15T12:46:26","guid":{"rendered":"https:\/\/abcdchocolate.com\/?post_type=product&#038;p=4869"},"modified":"2026-03-19T10:04:53","modified_gmt":"2026-03-19T09:04:53","slug":"amendoas-com-chocolate","status":"publish","type":"product","link":"https:\/\/abcdchocolate.com\/en\/product\/amendoas-com-chocolate\/","title":{"rendered":"Am\u00eandoas com v\u00e1rios Chocolates"},"content":{"rendered":"<p>As nossas am\u00eandoas\u00a0 s\u00e3o confecionadas e decoradas de forma artesanal, utilizando mat\u00e9ria-prima de grande qualidade.<\/p>\n<p><strong>INGREDIENTS:<\/strong><\/p>\n<p><strong>chocolate belga Negro<\/strong> (m\u00ednimo de 54,5% de cacau),\u00a0 a\u00e7\u00facar, manteiga de cacau, pasta de cacau emulsionante lec\u00edtina de soja e aroma natural de baunilha, recheio: am\u00eandoa.<br \/>\n<strong>chocolate belga leite<\/strong> (m\u00ednimo de 33,6% de cacau), pasta de cacau, a\u00e7\u00facar, manteiga de cacau, leite em p\u00f3 gordo, emulsionante, lec\u00edtina de soja e aroma natural de baunilha, recheio: am\u00eandoa<br \/>\n<strong>chocolate belga branco<\/strong> (m\u00ednimo de 28% de cacau),a\u00e7\u00facar, manteiga de cacau, leite em p\u00f3 integral, emulsionante: lecitina de Soja e aroma natural de baunilha, recheio : am\u00eandoa<br \/>\n<strong>chocolate belga ruby<\/strong> (m\u00ednimo de 32,8% de cacau), a\u00e7\u00facar, manteca de cacau, Leite gordo, leite gordo em p\u00f3, pasta de cacau, emulsionante: lecitina de soja, acidulante: \u00e1cido c\u00edtrico.<br \/>\n<strong>EXPIRATION<\/strong><br \/>\n 6meses<\/p>\n<p><strong>CONSERVATION<\/strong><br \/>\nAs Am\u00eandoas devem ser conservadas em local fresco e seco. No entanto, para manter as propriedades do chocolate, n\u00e3o devem ser guardadas no frigor\u00edfico.<\/p>","protected":false},"excerpt":{"rendered":"<p>Am\u00eandoas\u00a0artesanais em chocolate belga negro e leite, branco e ruby\u00a0sem conservantes<\/p>\n<p>Composi\u00e7\u00e3o das Caixas das Am\u00eandoas:<\/p>\n<ul>\n<li>am\u00eandoas em chocolate\u00a0 leite<\/li>\n<li> am\u00eandoas em chocolate negro<\/li>\n<li> am\u00eandoas em chocolate branco<\/li>\n<li> am\u00eandoas em chocolate ruby<\/li>\n<p>&nbsp;<\/p>\n<p>Peso aproximado de cada Caixa 150g<\/p>\n<p>Try it out!<\/p>","protected":false},"featured_media":4890,"template":"","meta":{"om_disable_all_campaigns":false,"site-sidebar-layout":"default","site-content-layout":"default","ast-global-header-display":"","ast-main-header-display":"","ast-hfb-above-header-display":"","ast-hfb-below-header-display":"","ast-hfb-mobile-header-display":"","site-post-title":"","ast-breadcrumbs-content":"","ast-featured-img":"","footer-sml-layout":"","theme-transparent-header-meta":"default","adv-header-id-meta":"","stick-header-meta":"","header-above-stick-meta":"","header-main-stick-meta":"","header-below-stick-meta":""},"product_cat":[25,18],"product_tag":[],"aioseo_notices":[],"_links":{"self":[{"href":"https:\/\/abcdchocolate.com\/en\/wp-json\/wp\/v2\/product\/4869"}],"collection":[{"href":"https:\/\/abcdchocolate.com\/en\/wp-json\/wp\/v2\/product"}],"about":[{"href":"https:\/\/abcdchocolate.com\/en\/wp-json\/wp\/v2\/types\/product"}],"wp:featuredmedia":[{"embeddable":true,"href":"https:\/\/abcdchocolate.com\/en\/wp-json\/wp\/v2\/media\/4890"}],"wp:attachment":[{"href":"https:\/\/abcdchocolate.com\/en\/wp-json\/wp\/v2\/media?parent=4869"}],"wp:term":[{"taxonomy":"product_cat","embeddable":true,"href":"https:\/\/abcdchocolate.com\/en\/wp-json\/wp\/v2\/product_cat?post=4869"},{"taxonomy":"product_tag","embeddable":true,"href":"https:\/\/abcdchocolate.com\/en\/wp-json\/wp\/v2\/product_tag?post=4869"}],"curies":[{"name":"wp","href":"https:\/\/api.w.org\/{rel}","templated":true}]}}