{"id":4901,"date":"2026-03-17T15:30:48","date_gmt":"2026-03-17T14:30:48","guid":{"rendered":"https:\/\/abcdchocolate.com\/?post_type=product&#038;p=4901"},"modified":"2026-03-30T14:27:13","modified_gmt":"2026-03-30T13:27:13","slug":"drageias-de-amendoas-com-canela","status":"publish","type":"product","link":"https:\/\/abcdchocolate.com\/en\/product\/drageias-de-amendoas-com-canela\/","title":{"rendered":"Drageias de Am\u00eandoas com canela"},"content":{"rendered":"<p>As nossas am\u00eandoas\u00a0 s\u00e3o confecionadas e decoradas de forma artesanal, utilizando mat\u00e9ria-prima de grande qualidade.<\/p>\n<p><strong>INGREDIENTS:<\/strong><br \/>\nIngredientes: Chocolate de LEITE 75% \u2013 m\u00edn. 30% cacau (a\u00e7\u00facar, manteiga de cacau, LEITE em p\u00f3, pasta de cacau, soro de LEITE em p\u00f3, emulsionante: lecitina de SOJA e aroma), AM\u00caNDOAS 15%, canela em p\u00f3 2,9%, a\u00e7\u00facar, agentes de revestimento E414. Pode conter vest\u00edgios de amendoim, ovos, cereais que cont\u00eam gl\u00faten e frutos secos. Cont\u00e9m produtos \u00e0 base de LEITE e SOJA. Informa\u00e7\u00e3o nutricional por 100g \/ Nutrition info by 100g: Energia \/ Energy: 2261 kJ \/ 542 Kcal L\u00edpidos \/ Lipids: 32 g \u2013 dos quais saturados \/ of which saturated: 20 g Hidratos de carbono \/ Carbohydrate: 55 g \u2013 dos quais a\u00e7\u00facares \/ of which sugar: 48 g Fibra \/ Fibre: 3 g Prote\u00edna \/ Protein: 7 g Sal \/ Salt: 0,3 g<\/p>\n<p>cont\u00e9m frutos de casca rija.<\/p>\n<p><strong>EXPIRATION<\/strong><br \/>\n6 months<\/p>\n<p><strong>CONSERVATION<\/strong><br \/>\nAs Drageias de Am\u00eandoas  devem ser conservadas em local fresco e seco. No entanto, para manter as propriedades do chocolate, n\u00e3o devem ser guardadas no frigor\u00edfico.<\/p>","protected":false},"excerpt":{"rendered":"<p>As Drageias de am\u00eandoa com canela s\u00e3o artesanais e feitas em chocolate  leite\u00a0 sem conservantes<\/p>\n<p>Composi\u00e7\u00e3o das Caixas das Am\u00eandoas:<\/p>\n<ul>\n<li>Am\u00eandoas com canela<br \/>\n&nbsp;<\/p>\n<p>Peso aproximado de cada Caixa 150g<\/p>\n<p>Try it out!<\/p>","protected":false},"featured_media":4889,"template":"","meta":{"om_disable_all_campaigns":false,"site-sidebar-layout":"default","site-content-layout":"default","ast-global-header-display":"","ast-main-header-display":"","ast-hfb-above-header-display":"","ast-hfb-below-header-display":"","ast-hfb-mobile-header-display":"","site-post-title":"","ast-breadcrumbs-content":"","ast-featured-img":"","footer-sml-layout":"","theme-transparent-header-meta":"default","adv-header-id-meta":"","stick-header-meta":"","header-above-stick-meta":"","header-main-stick-meta":"","header-below-stick-meta":""},"product_cat":[25,18],"product_tag":[],"aioseo_notices":[],"_links":{"self":[{"href":"https:\/\/abcdchocolate.com\/en\/wp-json\/wp\/v2\/product\/4901"}],"collection":[{"href":"https:\/\/abcdchocolate.com\/en\/wp-json\/wp\/v2\/product"}],"about":[{"href":"https:\/\/abcdchocolate.com\/en\/wp-json\/wp\/v2\/types\/product"}],"wp:featuredmedia":[{"embeddable":true,"href":"https:\/\/abcdchocolate.com\/en\/wp-json\/wp\/v2\/media\/4889"}],"wp:attachment":[{"href":"https:\/\/abcdchocolate.com\/en\/wp-json\/wp\/v2\/media?parent=4901"}],"wp:term":[{"taxonomy":"product_cat","embeddable":true,"href":"https:\/\/abcdchocolate.com\/en\/wp-json\/wp\/v2\/product_cat?post=4901"},{"taxonomy":"product_tag","embeddable":true,"href":"https:\/\/abcdchocolate.com\/en\/wp-json\/wp\/v2\/product_tag?post=4901"}],"curies":[{"name":"wp","href":"https:\/\/api.w.org\/{rel}","templated":true}]}}