{"id":4952,"date":"2026-04-22T14:01:13","date_gmt":"2026-04-22T13:01:13","guid":{"rendered":"https:\/\/abcdchocolate.com\/?post_type=product&#038;p=4952"},"modified":"2026-04-22T14:18:58","modified_gmt":"2026-04-22T13:18:58","slug":"avioes","status":"publish","type":"product","link":"https:\/\/abcdchocolate.com\/en\/product\/avioes\/","title":{"rendered":"Avi\u00f5es"},"content":{"rendered":"<p>Todos os produtos s\u00e3o confecionados e decorados de forma artesanal.<\/p>\n<p><strong>INGREDIENTS<br \/>\n<\/strong>Belgian <strong>milk chocolate<\/strong> (minimum 33.6% cocoa), sugar, cocoa butter, whole milk powder, cocoa paste, emulsifier, soya lecithin, natural vanilla flavouring.<br \/>\n<\/strong>Chocolate belga branco (m\u00ednimo 28% de cacau), a\u00e7\u00facar, manteiga de cacau, leite em p\u00f3 gordo, emulsionante: (soja), aroma natural de baunilha.<br \/>\nMay contain traces of nuts.<\/p>\n<p><strong>EXPIRATION<\/strong><br \/>\n1 year<\/p>\n<p><strong>CONSERVATION<\/strong><br \/>\nChocolates should be stored in a cool, dry place. However, to maintain the chocolate's properties, it should not be stored in the fridge.<\/p>","protected":false},"excerpt":{"rendered":"<p>The trolleys are handmade from Belgian milk chocolate, with no preservatives.<\/p>\n<p>Composition in a box:<\/p>\n<ul>\n<li> 4 avi\u00f5es em chocolate leite\n<li>\n<li> 4 avi\u00f5es em chocolate branco\n<li>\n<\/ul>","protected":false},"featured_media":4948,"template":"","meta":{"om_disable_all_campaigns":false,"site-sidebar-layout":"default","site-content-layout":"default","ast-global-header-display":"","ast-main-header-display":"","ast-hfb-above-header-display":"","ast-hfb-below-header-display":"","ast-hfb-mobile-header-display":"","site-post-title":"","ast-breadcrumbs-content":"","ast-featured-img":"","footer-sml-layout":"","theme-transparent-header-meta":"default","adv-header-id-meta":"","stick-header-meta":"","header-above-stick-meta":"","header-main-stick-meta":"","header-below-stick-meta":""},"product_cat":[15,28],"product_tag":[],"aioseo_notices":[],"_links":{"self":[{"href":"https:\/\/abcdchocolate.com\/en\/wp-json\/wp\/v2\/product\/4952"}],"collection":[{"href":"https:\/\/abcdchocolate.com\/en\/wp-json\/wp\/v2\/product"}],"about":[{"href":"https:\/\/abcdchocolate.com\/en\/wp-json\/wp\/v2\/types\/product"}],"wp:featuredmedia":[{"embeddable":true,"href":"https:\/\/abcdchocolate.com\/en\/wp-json\/wp\/v2\/media\/4948"}],"wp:attachment":[{"href":"https:\/\/abcdchocolate.com\/en\/wp-json\/wp\/v2\/media?parent=4952"}],"wp:term":[{"taxonomy":"product_cat","embeddable":true,"href":"https:\/\/abcdchocolate.com\/en\/wp-json\/wp\/v2\/product_cat?post=4952"},{"taxonomy":"product_tag","embeddable":true,"href":"https:\/\/abcdchocolate.com\/en\/wp-json\/wp\/v2\/product_tag?post=4952"}],"curies":[{"name":"wp","href":"https:\/\/api.w.org\/{rel}","templated":true}]}}