{"id":864,"date":"2019-05-29T10:00:38","date_gmt":"2019-05-29T10:00:38","guid":{"rendered":"https:\/\/abcdchocolate.com\/?post_type=product&#038;p=864"},"modified":"2026-04-08T18:17:32","modified_gmt":"2026-04-08T17:17:32","slug":"dinossauros","status":"publish","type":"product","link":"https:\/\/abcdchocolate.com\/en\/product\/dinossauros\/","title":{"rendered":"Dinossauros"},"content":{"rendered":"<p>All the products are handmade and decorated.<\/p>\n<p><strong>INGREDIENTS<br \/>\n<\/strong>Chocolate belga de leite (m\u00ednimo 33,6% de cacau), a\u00e7ucar, manteiga de cacau, leite em p\u00f3 gordo, pasta de cacau, emulsionante, lecitina de soja, aroma natural de baunilha.<\/p>\n<p>May contain traces of nuts. Gluten-free.<\/p>\n<p><strong>EXPIRATION<\/strong><br \/>\n1 year<\/p>\n<p><strong>CONSERVATION<\/strong><br \/>\nChocolates should be stored in a cool, dry place. However, to maintain the chocolate's properties, it should not be stored in the fridge.<\/p>","protected":false},"excerpt":{"rendered":"<p>Os Dinossauros s\u00e3o artesanais de chocolate belga de leite sem conservantes.<\/p>\n<p>Packaging composition:<\/p>\n<ul>\n<li>8 dinossauros.<\/li>\n<\/ul>","protected":false},"featured_media":865,"template":"","meta":{"om_disable_all_campaigns":false,"site-sidebar-layout":"default","site-content-layout":"default","ast-global-header-display":"","ast-main-header-display":"","ast-hfb-above-header-display":"","ast-hfb-below-header-display":"","ast-hfb-mobile-header-display":"","site-post-title":"","ast-breadcrumbs-content":"","ast-featured-img":"","footer-sml-layout":"","theme-transparent-header-meta":"default","adv-header-id-meta":"","stick-header-meta":"","header-above-stick-meta":"","header-main-stick-meta":"","header-below-stick-meta":""},"product_cat":[28,17],"product_tag":[],"aioseo_notices":[],"_links":{"self":[{"href":"https:\/\/abcdchocolate.com\/en\/wp-json\/wp\/v2\/product\/864"}],"collection":[{"href":"https:\/\/abcdchocolate.com\/en\/wp-json\/wp\/v2\/product"}],"about":[{"href":"https:\/\/abcdchocolate.com\/en\/wp-json\/wp\/v2\/types\/product"}],"wp:featuredmedia":[{"embeddable":true,"href":"https:\/\/abcdchocolate.com\/en\/wp-json\/wp\/v2\/media\/865"}],"wp:attachment":[{"href":"https:\/\/abcdchocolate.com\/en\/wp-json\/wp\/v2\/media?parent=864"}],"wp:term":[{"taxonomy":"product_cat","embeddable":true,"href":"https:\/\/abcdchocolate.com\/en\/wp-json\/wp\/v2\/product_cat?post=864"},{"taxonomy":"product_tag","embeddable":true,"href":"https:\/\/abcdchocolate.com\/en\/wp-json\/wp\/v2\/product_tag?post=864"}],"curies":[{"name":"wp","href":"https:\/\/api.w.org\/{rel}","templated":true}]}}